{"id":2642,"date":"2026-04-08T11:29:35","date_gmt":"2026-04-08T07:29:35","guid":{"rendered":"https:\/\/pharmaciereunion.fr\/?page_id=2642"},"modified":"2026-04-08T17:30:37","modified_gmt":"2026-04-08T13:30:37","slug":"2642-2","status":"publish","type":"page","link":"https:\/\/pharmaciereunion.fr\/index.php\/2642-2\/","title":{"rendered":"Mentions L\u00e9gales"},"content":{"rendered":"\n<div class=\"wp-block-cover alignfull is-light has-custom-content-position is-position-bottom-center has-border-color\" style=\"border-color:#ffffff;border-width:11px;border-top-left-radius:25px;border-top-right-radius:25px;border-bottom-left-radius:25px;border-bottom-right-radius:25px;margin-top:0;margin-bottom:0;padding-top:78px;padding-bottom:78px;min-height:214px;aspect-ratio:unset;\"><span aria-hidden=\"true\" class=\"wp-block-cover__background has-background-dim-90 has-background-dim\" style=\"background-color:#f5f5f5\"><\/span><div class=\"wp-block-cover__inner-container has-global-padding is-layout-constrained wp-container-core-cover-is-layout-91be3a2b wp-block-cover-is-layout-constrained\">\n<h1 class=\"wp-block-heading has-text-align-center has-text-color\" style=\"color:#272d28;font-size:clamp(26.465px, 1.654rem + ((1vw - 3.2px) * 2.106), 45px);font-style:normal;font-weight:700;line-height:1\">Mentions L\u00e9gales<\/h1>\n<\/div><\/div>\n\n\n\n<div class=\"wp-block-group alignfull has-background has-global-padding is-content-justification-center is-layout-constrained wp-container-core-group-is-layout-4bd0b252 wp-block-group-is-layout-constrained\" style=\"background-color:#effff5;margin-bottom:100px;padding-top:0px;padding-right:65px;padding-left:65px\">\n<div class=\"wp-block-columns alignfull is-layout-flex wp-container-core-columns-is-layout-11bda0fe wp-block-columns-is-layout-flex\" style=\"padding-right:2rem;padding-left:2rem\">\n<div class=\"wp-block-column is-layout-flow wp-container-core-column-is-layout-3ca914a4 wp-block-column-is-layout-flow\">\n<h2 class=\"wp-block-heading has-text-align-left has-text-color\" style=\"color:#000000;font-size:clamp(16.293px, 1.018rem + ((1vw - 3.2px) * 0.989), 25px);\"><strong>Le pr\u00e9sent site est \u00e9dit\u00e9 par :<\/strong><\/h2>\n\n\n\n<ul class=\"wp-block-list\">\n<li class=\"has-system-font-font-family\" style=\"font-size:clamp(14px, 0.875rem + ((1vw - 3.2px) * 0.114), 15px);\">Nom de la pharmacie : Pharmacie de L&rsquo;Est <\/li>\n\n\n\n<li class=\"has-system-font-font-family\" style=\"font-size:clamp(14px, 0.875rem + ((1vw - 3.2px) * 0.114), 15px);\">Forme juridique : SELAS<\/li>\n\n\n\n<li class=\"has-system-font-font-family\" style=\"font-size:clamp(14px, 0.875rem + ((1vw - 3.2px) * 0.114), 15px);\">Adresse : 51 Avenue Jean Jaur\u00e8s, Saint-Beno\u00eet 97470, La R\u00e9union<\/li>\n\n\n\n<li class=\"has-system-font-font-family\" style=\"font-size:clamp(14px, 0.875rem + ((1vw - 3.2px) * 0.114), 15px);\">T\u00e9l\u00e9phone : 0262 51 15 91<\/li>\n\n\n\n<li class=\"has-system-font-font-family\" style=\"font-size:clamp(14px, 0.875rem + ((1vw - 3.2px) * 0.114), 15px);\">Email : pharmaciedelest@orange.fr<\/li>\n\n\n\n<li class=\"has-system-font-font-family\" style=\"font-size:clamp(14px, 0.875rem + ((1vw - 3.2px) * 0.114), 15px);\">Directeur de la publication : V\u00e9ronique de Cambiaire<\/li>\n\n\n\n<li class=\"has-system-font-font-family\" style=\"font-size:clamp(14px, 0.875rem + ((1vw - 3.2px) * 0.114), 15px);\">ADELI : 972045827<\/li>\n\n\n\n<li class=\"has-system-font-font-family\" style=\"font-size:clamp(14px, 0.875rem + ((1vw - 3.2px) * 0.114), 15px);\">Siret : 839777877<\/li>\n<\/ul>\n<\/div>\n<\/div>\n<\/div>\n\n\n\n<div class=\"wp-block-group alignfull has-global-padding is-content-justification-center is-layout-constrained wp-container-core-group-is-layout-4bd0b252 wp-block-group-is-layout-constrained\" style=\"margin-bottom:100px;padding-top:0px;padding-right:65px;padding-left:65px\">\n<div class=\"wp-block-columns alignfull is-layout-flex wp-container-core-columns-is-layout-11bda0fe wp-block-columns-is-layout-flex\" style=\"padding-right:2rem;padding-left:2rem\">\n<div class=\"wp-block-column is-layout-flow wp-container-core-column-is-layout-3ca914a4 wp-block-column-is-layout-flow\">\n<h2 class=\"wp-block-heading has-text-align-left has-text-color\" style=\"color:#000000;font-size:clamp(16.293px, 1.018rem + ((1vw - 3.2px) * 0.989), 25px);\"><strong>La pharmacie est autoris\u00e9e \u00e0 exercer conform\u00e9ment \u00e0 la r\u00e9glementation fran\u00e7aise.<\/strong><\/h2>\n\n\n\n<ul class=\"wp-block-list\">\n<li class=\"has-system-font-font-family\" style=\"font-size:clamp(14px, 0.875rem + ((1vw - 3.2px) * 0.114), 15px);\">Autorit\u00e9 de tutelle : ARS La R\u00e9union ( Agence R\u00e9gionale de Sant\u00e9 )<\/li>\n\n\n\n<li class=\"has-system-font-font-family\" style=\"font-size:clamp(14px, 0.875rem + ((1vw - 3.2px) * 0.114), 15px);\">Ordre professionnel : Ordre National des Pharmaciens<\/li>\n<\/ul>\n<\/div>\n<\/div>\n<\/div>\n\n\n\n<div class=\"wp-block-group alignfull has-background has-global-padding is-content-justification-center is-layout-constrained wp-container-core-group-is-layout-4bd0b252 wp-block-group-is-layout-constrained\" style=\"background-color:#effff5;margin-bottom:100px;padding-top:0px;padding-right:65px;padding-left:65px\">\n<div class=\"wp-block-columns alignfull is-layout-flex wp-container-core-columns-is-layout-11bda0fe wp-block-columns-is-layout-flex\" style=\"padding-right:2rem;padding-left:2rem\">\n<div class=\"wp-block-column is-layout-flow wp-container-core-column-is-layout-3ca914a4 wp-block-column-is-layout-flow\">\n<h2 class=\"wp-block-heading has-text-align-left has-text-color\" style=\"color:#000000;font-size:clamp(16.293px, 1.018rem + ((1vw - 3.2px) * 0.989), 25px);\"><strong>Le site est h\u00e9berg\u00e9 par <\/strong><\/h2>\n\n\n\n<ul class=\"wp-block-list\">\n<li class=\"has-system-font-font-family\" style=\"font-size:clamp(14px, 0.875rem + ((1vw - 3.2px) * 0.114), 15px);\">H\u00e9bergeur : OVHcloud<\/li>\n\n\n\n<li class=\"has-system-font-font-family\" style=\"font-size:clamp(14px, 0.875rem + ((1vw - 3.2px) * 0.114), 15px);\">Adresse : 2 rue Kellermann, 59100 Roubaix, France<\/li>\n\n\n\n<li class=\"has-system-font-font-family\" style=\"font-size:clamp(14px, 0.875rem + ((1vw - 3.2px) * 0.114), 15px);\">T\u00e9l\u00e9phone : 1007<\/li>\n\n\n\n<li class=\"has-system-font-font-family\" style=\"font-size:clamp(14px, 0.875rem + ((1vw - 3.2px) * 0.114), 15px);\">Site web : https:\/\/www.ovhcloud.com\/fr\/<\/li>\n<\/ul>\n<\/div>\n<\/div>\n<\/div>\n\n\n\n<div class=\"wp-block-group alignfull has-global-padding is-content-justification-center is-layout-constrained wp-container-core-group-is-layout-4bd0b252 wp-block-group-is-layout-constrained\" style=\"margin-bottom:100px;padding-top:0px;padding-right:65px;padding-left:65px\">\n<div class=\"wp-block-columns alignfull is-layout-flex wp-container-core-columns-is-layout-11bda0fe wp-block-columns-is-layout-flex\" style=\"padding-right:2rem;padding-left:2rem\">\n<div class=\"wp-block-column is-layout-flow wp-container-core-column-is-layout-3ca914a4 wp-block-column-is-layout-flow\">\n<h2 class=\"wp-block-heading has-text-align-center has-text-color\" style=\"color:#000000;font-size:clamp(16.293px, 1.018rem + ((1vw - 3.2px) * 0.989), 25px);\"><strong>Propri\u00e9t\u00e9 intellectuelle<\/strong><\/h2>\n\n\n\n<p class=\"has-text-align-center\" style=\"font-size:clamp(14px, 0.875rem + ((1vw - 3.2px) * 0.114), 15px);\">L&rsquo;ensemble du contenu pr\u00e9sent sur ce site, y compris les textes, images, vid\u00e9os, logos et \u00e9l\u00e9ments graphiques, est la propri\u00e9t\u00e9 exclusive de La Pharmacie de L&rsquo;Est, sauf mention contraire. Certaines images utilis\u00e9es proviennent de banques d&rsquo;images libres de droits et restent la propri\u00e9t\u00e9 de leurs auteurs respectifs. Certaines vid\u00e9os sont int\u00e9gr\u00e9es depuis les cha\u00eenes officielles des laboratoires pharmaceutiques partenaires et restent la propri\u00e9t\u00e9 exclusive de leurs auteurs. Ces vid\u00e9os sont utilis\u00e9es \u00e0 titre informatif et ne sont pas modifi\u00e9es.<\/p>\n\n\n\n<p class=\"has-text-align-center\" style=\"font-size:clamp(14px, 0.875rem + ((1vw - 3.2px) * 0.114), 15px);\">Toute reproduction, diffusion, modification ou utilisation de tout ou partie du contenu de ce site sans autorisation \u00e9crite pr\u00e9alable de La Pharmacie de L&rsquo;Est est strictement interdite.<\/p>\n<\/div>\n<\/div>\n<\/div>\n\n\n\n<div class=\"wp-block-group alignfull has-background has-global-padding is-content-justification-center is-layout-constrained wp-container-core-group-is-layout-4bd0b252 wp-block-group-is-layout-constrained\" style=\"background-color:#effff5;margin-bottom:100px;padding-top:0px;padding-right:65px;padding-left:65px\">\n<div class=\"wp-block-columns alignfull is-layout-flex wp-container-core-columns-is-layout-11bda0fe wp-block-columns-is-layout-flex\" style=\"padding-right:2rem;padding-left:2rem\">\n<div class=\"wp-block-column is-layout-flow wp-container-core-column-is-layout-3ca914a4 wp-block-column-is-layout-flow\">\n<h2 class=\"wp-block-heading has-text-align-center has-text-color\" style=\"color:#000000;font-size:clamp(16.293px, 1.018rem + ((1vw - 3.2px) * 0.989), 25px);\"><strong>Donn\u00e9es personnelles<\/strong><\/h2>\n\n\n\n<p class=\"has-text-align-center\" style=\"font-size:clamp(14px, 0.875rem + ((1vw - 3.2px) * 0.114), 15px);\">Les informations collect\u00e9es via le site (formulaire de contact, etc.) sont utilis\u00e9es uniquement pour r\u00e9pondre aux demandes des utilisateurs. Conform\u00e9ment au RGPD ( R\u00e8glement G\u00e9n\u00e9ral sur la Protection des Donn\u00e9es ) :       <\/p>\n\n\n\n<ul class=\"wp-block-list\">\n<li class=\"has-system-font-font-family\" style=\"font-size:clamp(14px, 0.875rem + ((1vw - 3.2px) * 0.114), 15px);\">Vous pouvez demander l&rsquo;acc\u00e8s, la modification ou la suppression de vos donn\u00e9es<\/li>\n\n\n\n<li class=\"has-system-font-font-family\" style=\"font-size:clamp(14px, 0.875rem + ((1vw - 3.2px) * 0.114), 15px);\">Contact : <a href=\"mailto:Pharmaciedelest@orange.fr\">pharmaciedelest@orange.fr<\/a><\/li>\n<\/ul>\n<\/div>\n<\/div>\n<\/div>\n\n\n\n<div class=\"wp-block-group alignfull has-global-padding is-content-justification-center is-layout-constrained wp-container-core-group-is-layout-4bd0b252 wp-block-group-is-layout-constrained\" style=\"margin-bottom:100px;padding-top:0px;padding-right:65px;padding-left:65px\">\n<div class=\"wp-block-columns alignfull is-layout-flex wp-container-core-columns-is-layout-11bda0fe wp-block-columns-is-layout-flex\" style=\"padding-right:2rem;padding-left:2rem\">\n<div class=\"wp-block-column is-layout-flow wp-container-core-column-is-layout-3ca914a4 wp-block-column-is-layout-flow\">\n<p class=\"has-text-align-center has-text-color has-small-font-size\" style=\"color:#000000\">Les informations pr\u00e9sentes sur le site sont fournies \u00e0 titre informatif et ne remplacent pas un avis m\u00e9dical.<\/p>\n<\/div>\n<\/div>\n<\/div>\n","protected":false},"excerpt":{"rendered":"<p>Le pr\u00e9sent site est \u00e9dit\u00e9 par : La pharmacie est autoris\u00e9e \u00e0 exercer conform\u00e9ment \u00e0 la r\u00e9glementation fran\u00e7aise. Le site est h\u00e9berg\u00e9 par Propri\u00e9t\u00e9 intellectuelle L&rsquo;ensemble du contenu pr\u00e9sent sur ce site, y compris les textes, images, vid\u00e9os, logos et \u00e9l\u00e9ments graphiques, est la propri\u00e9t\u00e9 exclusive de La Pharmacie de L&rsquo;Est, sauf mention contraire. Certaines [&hellip;]<\/p>\n","protected":false},"author":1,"featured_media":0,"parent":0,"menu_order":0,"comment_status":"closed","ping_status":"closed","template":"","meta":{"footnotes":""},"class_list":["post-2642","page","type-page","status-publish","hentry"],"yoast_head":"<!-- This site is optimized with the Yoast SEO plugin v27.3 - https:\/\/yoast.com\/product\/yoast-seo-wordpress\/ -->\n<title>Mentions l\u00e9gales - Pharmacie de L&#039;Est Saint Benoit La Reunion<\/title>\n<meta name=\"description\" content=\"Consultez les mentions l\u00e9gales de notre pharmacie en ligne : informations sur l\u2019\u00e9diteur, l\u2019h\u00e9bergement du site et les conditions d\u2019utilisation\" \/>\n<meta name=\"robots\" content=\"index, follow, max-snippet:-1, max-image-preview:large, max-video-preview:-1\" \/>\n<link rel=\"canonical\" href=\"https:\/\/pharmaciereunion.fr\/index.php\/2642-2\/\" \/>\n<meta property=\"og:locale\" content=\"fr_FR\" \/>\n<meta property=\"og:type\" content=\"article\" \/>\n<meta property=\"og:title\" content=\"Mentions l\u00e9gales - Pharmacie de L&#039;Est Saint Benoit La Reunion\" \/>\n<meta property=\"og:description\" content=\"Consultez les mentions l\u00e9gales de notre pharmacie en ligne : informations sur l\u2019\u00e9diteur, l\u2019h\u00e9bergement du site et les conditions d\u2019utilisation\" \/>\n<meta property=\"og:url\" content=\"https:\/\/pharmaciereunion.fr\/index.php\/2642-2\/\" \/>\n<meta property=\"og:site_name\" content=\"Pharmacie de L&#039;Est\" \/>\n<meta property=\"article:publisher\" content=\"https:\/\/www.facebook.com\/pharmaciedelest974\" \/>\n<meta property=\"article:modified_time\" content=\"2026-04-08T13:30:37+00:00\" \/>\n<meta name=\"twitter:card\" content=\"summary_large_image\" \/>\n<meta name=\"twitter:label1\" content=\"Dur\u00e9e de lecture estim\u00e9e\" \/>\n\t<meta name=\"twitter:data1\" content=\"2 minutes\" \/>\n<script type=\"application\/ld+json\" class=\"yoast-schema-graph\">{\"@context\":\"https:\\\/\\\/schema.org\",\"@graph\":[{\"@type\":\"WebPage\",\"@id\":\"https:\\\/\\\/pharmaciereunion.fr\\\/index.php\\\/2642-2\\\/\",\"url\":\"https:\\\/\\\/pharmaciereunion.fr\\\/index.php\\\/2642-2\\\/\",\"name\":\"Mentions l\u00e9gales - Pharmacie de L'Est Saint Benoit La Reunion\",\"isPartOf\":{\"@id\":\"https:\\\/\\\/pharmaciereunion.fr\\\/#website\"},\"datePublished\":\"2026-04-08T07:29:35+00:00\",\"dateModified\":\"2026-04-08T13:30:37+00:00\",\"description\":\"Consultez les mentions l\u00e9gales de notre pharmacie en ligne : informations sur l\u2019\u00e9diteur, l\u2019h\u00e9bergement du site et les conditions d\u2019utilisation\",\"breadcrumb\":{\"@id\":\"https:\\\/\\\/pharmaciereunion.fr\\\/index.php\\\/2642-2\\\/#breadcrumb\"},\"inLanguage\":\"fr-FR\",\"potentialAction\":[{\"@type\":\"ReadAction\",\"target\":[\"https:\\\/\\\/pharmaciereunion.fr\\\/index.php\\\/2642-2\\\/\"]}]},{\"@type\":\"BreadcrumbList\",\"@id\":\"https:\\\/\\\/pharmaciereunion.fr\\\/index.php\\\/2642-2\\\/#breadcrumb\",\"itemListElement\":[{\"@type\":\"ListItem\",\"position\":1,\"name\":\"Accueil\",\"item\":\"https:\\\/\\\/pharmaciereunion.fr\\\/\"},{\"@type\":\"ListItem\",\"position\":2,\"name\":\"Mentions L\u00e9gales\"}]},{\"@type\":\"WebSite\",\"@id\":\"https:\\\/\\\/pharmaciereunion.fr\\\/#website\",\"url\":\"https:\\\/\\\/pharmaciereunion.fr\\\/\",\"name\":\"Pharmacie de L'Est | Saint-Beno\u00eet La R\u00e9union\",\"description\":\"Pharmacie en ligne de La Reunion\",\"publisher\":{\"@id\":\"https:\\\/\\\/pharmaciereunion.fr\\\/#organization\"},\"potentialAction\":[{\"@type\":\"SearchAction\",\"target\":{\"@type\":\"EntryPoint\",\"urlTemplate\":\"https:\\\/\\\/pharmaciereunion.fr\\\/?s={search_term_string}\"},\"query-input\":{\"@type\":\"PropertyValueSpecification\",\"valueRequired\":true,\"valueName\":\"search_term_string\"}}],\"inLanguage\":\"fr-FR\"},{\"@type\":\"Organization\",\"@id\":\"https:\\\/\\\/pharmaciereunion.fr\\\/#organization\",\"name\":\"Pharmacie de L'Est | Saint-Beno\u00eet La R\u00e9union\",\"url\":\"https:\\\/\\\/pharmaciereunion.fr\\\/\",\"logo\":{\"@type\":\"ImageObject\",\"inLanguage\":\"fr-FR\",\"@id\":\"https:\\\/\\\/pharmaciereunion.fr\\\/#\\\/schema\\\/logo\\\/image\\\/\",\"url\":\"https:\\\/\\\/pharmaciereunion.fr\\\/wp-content\\\/uploads\\\/2026\\\/04\\\/cropped-logo-page-recherche-site.png\",\"contentUrl\":\"https:\\\/\\\/pharmaciereunion.fr\\\/wp-content\\\/uploads\\\/2026\\\/04\\\/cropped-logo-page-recherche-site.png\",\"width\":512,\"height\":512,\"caption\":\"Pharmacie de L'Est | Saint-Beno\u00eet La R\u00e9union\"},\"image\":{\"@id\":\"https:\\\/\\\/pharmaciereunion.fr\\\/#\\\/schema\\\/logo\\\/image\\\/\"},\"sameAs\":[\"https:\\\/\\\/www.facebook.com\\\/pharmaciedelest974\",\"https:\\\/\\\/www.instagram.com\\\/pharmacie.delest\\\/\"]}]}<\/script>\n<!-- \/ Yoast SEO plugin. -->","yoast_head_json":{"title":"Mentions l\u00e9gales - Pharmacie de L'Est Saint Benoit La Reunion","description":"Consultez les mentions l\u00e9gales de notre pharmacie en ligne : informations sur l\u2019\u00e9diteur, l\u2019h\u00e9bergement du site et les conditions d\u2019utilisation","robots":{"index":"index","follow":"follow","max-snippet":"max-snippet:-1","max-image-preview":"max-image-preview:large","max-video-preview":"max-video-preview:-1"},"canonical":"https:\/\/pharmaciereunion.fr\/index.php\/2642-2\/","og_locale":"fr_FR","og_type":"article","og_title":"Mentions l\u00e9gales - Pharmacie de L'Est Saint Benoit La Reunion","og_description":"Consultez les mentions l\u00e9gales de notre pharmacie en ligne : informations sur l\u2019\u00e9diteur, l\u2019h\u00e9bergement du site et les conditions d\u2019utilisation","og_url":"https:\/\/pharmaciereunion.fr\/index.php\/2642-2\/","og_site_name":"Pharmacie de L&#039;Est","article_publisher":"https:\/\/www.facebook.com\/pharmaciedelest974","article_modified_time":"2026-04-08T13:30:37+00:00","twitter_card":"summary_large_image","twitter_misc":{"Dur\u00e9e de lecture estim\u00e9e":"2 minutes"},"schema":{"@context":"https:\/\/schema.org","@graph":[{"@type":"WebPage","@id":"https:\/\/pharmaciereunion.fr\/index.php\/2642-2\/","url":"https:\/\/pharmaciereunion.fr\/index.php\/2642-2\/","name":"Mentions l\u00e9gales - Pharmacie de L'Est Saint Benoit La Reunion","isPartOf":{"@id":"https:\/\/pharmaciereunion.fr\/#website"},"datePublished":"2026-04-08T07:29:35+00:00","dateModified":"2026-04-08T13:30:37+00:00","description":"Consultez les mentions l\u00e9gales de notre pharmacie en ligne : informations sur l\u2019\u00e9diteur, l\u2019h\u00e9bergement du site et les conditions d\u2019utilisation","breadcrumb":{"@id":"https:\/\/pharmaciereunion.fr\/index.php\/2642-2\/#breadcrumb"},"inLanguage":"fr-FR","potentialAction":[{"@type":"ReadAction","target":["https:\/\/pharmaciereunion.fr\/index.php\/2642-2\/"]}]},{"@type":"BreadcrumbList","@id":"https:\/\/pharmaciereunion.fr\/index.php\/2642-2\/#breadcrumb","itemListElement":[{"@type":"ListItem","position":1,"name":"Accueil","item":"https:\/\/pharmaciereunion.fr\/"},{"@type":"ListItem","position":2,"name":"Mentions L\u00e9gales"}]},{"@type":"WebSite","@id":"https:\/\/pharmaciereunion.fr\/#website","url":"https:\/\/pharmaciereunion.fr\/","name":"Pharmacie de L'Est | Saint-Beno\u00eet La R\u00e9union","description":"Pharmacie en ligne de La Reunion","publisher":{"@id":"https:\/\/pharmaciereunion.fr\/#organization"},"potentialAction":[{"@type":"SearchAction","target":{"@type":"EntryPoint","urlTemplate":"https:\/\/pharmaciereunion.fr\/?s={search_term_string}"},"query-input":{"@type":"PropertyValueSpecification","valueRequired":true,"valueName":"search_term_string"}}],"inLanguage":"fr-FR"},{"@type":"Organization","@id":"https:\/\/pharmaciereunion.fr\/#organization","name":"Pharmacie de L'Est | Saint-Beno\u00eet La R\u00e9union","url":"https:\/\/pharmaciereunion.fr\/","logo":{"@type":"ImageObject","inLanguage":"fr-FR","@id":"https:\/\/pharmaciereunion.fr\/#\/schema\/logo\/image\/","url":"https:\/\/pharmaciereunion.fr\/wp-content\/uploads\/2026\/04\/cropped-logo-page-recherche-site.png","contentUrl":"https:\/\/pharmaciereunion.fr\/wp-content\/uploads\/2026\/04\/cropped-logo-page-recherche-site.png","width":512,"height":512,"caption":"Pharmacie de L'Est | Saint-Beno\u00eet La R\u00e9union"},"image":{"@id":"https:\/\/pharmaciereunion.fr\/#\/schema\/logo\/image\/"},"sameAs":["https:\/\/www.facebook.com\/pharmaciedelest974","https:\/\/www.instagram.com\/pharmacie.delest\/"]}]}},"jetpack_sharing_enabled":true,"_links":{"self":[{"href":"https:\/\/pharmaciereunion.fr\/index.php\/wp-json\/wp\/v2\/pages\/2642","targetHints":{"allow":["GET"]}}],"collection":[{"href":"https:\/\/pharmaciereunion.fr\/index.php\/wp-json\/wp\/v2\/pages"}],"about":[{"href":"https:\/\/pharmaciereunion.fr\/index.php\/wp-json\/wp\/v2\/types\/page"}],"author":[{"embeddable":true,"href":"https:\/\/pharmaciereunion.fr\/index.php\/wp-json\/wp\/v2\/users\/1"}],"replies":[{"embeddable":true,"href":"https:\/\/pharmaciereunion.fr\/index.php\/wp-json\/wp\/v2\/comments?post=2642"}],"version-history":[{"count":27,"href":"https:\/\/pharmaciereunion.fr\/index.php\/wp-json\/wp\/v2\/pages\/2642\/revisions"}],"predecessor-version":[{"id":2710,"href":"https:\/\/pharmaciereunion.fr\/index.php\/wp-json\/wp\/v2\/pages\/2642\/revisions\/2710"}],"wp:attachment":[{"href":"https:\/\/pharmaciereunion.fr\/index.php\/wp-json\/wp\/v2\/media?parent=2642"}],"curies":[{"name":"wp","href":"https:\/\/api.w.org\/{rel}","templated":true}]}}