{"id":2841,"date":"2026-04-10T16:34:18","date_gmt":"2026-04-10T12:34:18","guid":{"rendered":"https:\/\/pharmaciereunion.fr\/?page_id=2841"},"modified":"2026-04-10T19:20:43","modified_gmt":"2026-04-10T15:20:43","slug":"2841-2","status":"publish","type":"page","link":"https:\/\/pharmaciereunion.fr\/index.php\/2841-2\/","title":{"rendered":"Blog"},"content":{"rendered":"\n<div class=\"wp-block-cover alignfull is-light has-custom-content-position is-position-bottom-center has-border-color\" style=\"border-color:#ffffff;border-width:11px;border-top-left-radius:25px;border-top-right-radius:25px;border-bottom-left-radius:25px;border-bottom-right-radius:25px;margin-top:0;margin-bottom:0;padding-top:78px;padding-bottom:78px;min-height:214px;aspect-ratio:unset;\"><span aria-hidden=\"true\" class=\"wp-block-cover__background has-background-dim-90 has-background-dim\" style=\"background-color:#f5f5f5\"><\/span><div class=\"wp-block-cover__inner-container has-global-padding is-layout-constrained wp-container-core-cover-is-layout-91be3a2b wp-block-cover-is-layout-constrained\">\n<h1 class=\"wp-block-heading has-text-align-center has-text-color\" style=\"color:#272d28;font-size:clamp(26.465px, 1.654rem + ((1vw - 3.2px) * 2.106), 45px);font-style:normal;font-weight:700;line-height:1\">PharmaBlog<\/h1>\n\n\n\n<p class=\"has-text-align-center has-text-color\" style=\"color:#44a97f;font-size:11px;text-transform:uppercase\"><strong>Conseils sant\u00e9, bien-\u00eatre et pr\u00e9vention au quotidien <\/strong><\/p>\n<\/div><\/div>\n\n\n\n<div class=\"wp-block-cover alignfull is-light has-custom-color-2-color has-text-color\" style=\"margin-top:0px;margin-bottom:0px;padding-top:29px;padding-right:20px;padding-bottom:29px;padding-left:20px\"><span aria-hidden=\"true\" class=\"wp-block-cover__background has-custom-color-1-background-color has-background-dim-0 has-background-dim\"><\/span><div class=\"wp-block-cover__inner-container has-global-padding is-layout-constrained wp-container-core-cover-is-layout-e3172354 wp-block-cover-is-layout-constrained\">\n<div class=\"wp-block-columns is-layout-flex wp-container-core-columns-is-layout-13e94aa7 wp-block-columns-is-layout-flex\">\n<div class=\"wp-block-column is-layout-flow wp-container-core-column-is-layout-fe0e2ea3 wp-block-column-is-layout-flow\">\n<figure class=\"wp-block-image size-full\"><a href=\"https:\/\/pharmaciereunion.fr\/index.php\/2026\/04\/10\/eruption-volcanique-a-la-reunion-quels-risques-pour-la-sante-et-comment-se-proteger\/\"><img loading=\"lazy\" decoding=\"async\" width=\"370\" height=\"500\" src=\"https:\/\/pharmaciereunion.fr\/wp-content\/uploads\/2026\/04\/Photo-blog-1ere-page-.png\" alt=\"rougail saucisse\" class=\"wp-image-2849\" style=\"aspect-ratio:16\/9;object-fit:cover\" srcset=\"https:\/\/pharmaciereunion.fr\/wp-content\/uploads\/2026\/04\/Photo-blog-1ere-page-.png 370w, https:\/\/pharmaciereunion.fr\/wp-content\/uploads\/2026\/04\/Photo-blog-1ere-page--222x300.png 222w\" sizes=\"auto, (max-width: 370px) 100vw, 370px\" \/><\/a><\/figure>\n\n\n\n<h2 class=\"wp-block-heading has-text-color\" style=\"color:#536942;margin-top:1.75rem;font-size:clamp(14.642px, 0.915rem + ((1vw - 3.2px) * 0.836), 22px);font-style:normal;font-weight:400\"><a href=\"https:\/\/pharmaciereunion.fr\/index.php\/2026\/04\/10\/eruption-volcanique-a-la-reunion-quels-risques-pour-la-sante-et-comment-se-proteger\/\" type=\"link\" id=\"https:\/\/pharmaciereunion.fr\/index.php\/2026\/04\/10\/eruption-volcanique-a-la-reunion-quels-risques-pour-la-sante-et-comment-se-proteger\/\">Volkan en kol\u00e8r<\/a><\/h2>\n\n\n\n<p class=\"has-small-font-size\">10 Avril 2026<\/p>\n\n\n\n<p class=\"has-text-color\" style=\"color:#000000;margin-bottom:0rem;font-size:clamp(14px, 0.875rem + ((1vw - 3.2px) * 0.227), 16px);\">\u00c0 La R\u00e9union, les \u00e9pisodes d\u2019<strong>\u00e9ruption volcanique<\/strong> du Piton de la Fournaise font partie de notre environnement. M\u00eame s\u2019ils sont bien surveill\u00e9s, ils peuvent avoir un impact sur la <strong>sant\u00e9<\/strong>, notamment \u00e0 cause des <strong>cendres volcaniques<\/strong> pr\u00e9sentes dans l\u2019air.<\/p>\n\n\n\n<p class=\"has-text-color\" style=\"color:#000000;margin-bottom:0rem;font-size:clamp(14px, 0.875rem + ((1vw - 3.2px) * 0.227), 16px);\">Quels sont les risques r\u00e9els et comment assurer une bonne <strong>protection contre le volcan<\/strong> ? Voici nos conseils de pharmacien&#8230;<\/p>\n\n\n\n<p class=\"has-text-color\" style=\"color:#000000;margin-bottom:0rem;font-size:clamp(14px, 0.875rem + ((1vw - 3.2px) * 0.227), 16px);\"><a href=\"https:\/\/pharmaciereunion.fr\/index.php\/2026\/04\/10\/eruption-volcanique-a-la-reunion-quels-risques-pour-la-sante-et-comment-se-proteger\/\" type=\"link\" id=\"https:\/\/pharmaciereunion.fr\/index.php\/2026\/04\/10\/eruption-volcanique-a-la-reunion-quels-risques-pour-la-sante-et-comment-se-proteger\/\" target=\"_blank\" rel=\"noreferrer noopener\">Lire la suite<\/a><\/p>\n<\/div>\n\n\n\n<div class=\"wp-block-column is-layout-flow wp-container-core-column-is-layout-fe0e2ea3 wp-block-column-is-layout-flow\">\n\n\n\n\n<p class=\"has-text-color\" style=\"color:#768667;font-size:clamp(14px, 0.875rem + ((1vw - 3.2px) * 0.227), 16px);\"><\/p>\n<\/div>\n\n\n<\/div>\n<\/div><\/div>\n","protected":false},"excerpt":{"rendered":"","protected":false},"author":1,"featured_media":0,"parent":0,"menu_order":0,"comment_status":"closed","ping_status":"closed","template":"","meta":{"footnotes":""},"class_list":["post-2841","page","type-page","status-publish","hentry"],"yoast_head":"<!-- This site is optimized with the Yoast SEO plugin v27.3 - https:\/\/yoast.com\/product\/yoast-seo-wordpress\/ -->\n<title>Eruption volcanique \u00e0 la R\u00e9union - les risques et les bons r\u00e9flexes<\/title>\n<meta name=\"description\" content=\"\u00c9ruption volcanique \u00e0 La R\u00e9union : d\u00e9couvrez les risques pour la sant\u00e9 (cendres, gaz) et les bons gestes pour vous prot\u00e9ger efficacement au quotidien\" \/>\n<meta name=\"robots\" content=\"index, follow, max-snippet:-1, max-image-preview:large, max-video-preview:-1\" \/>\n<link rel=\"canonical\" href=\"https:\/\/pharmaciereunion.fr\/index.php\/2841-2\/\" \/>\n<meta property=\"og:locale\" content=\"fr_FR\" \/>\n<meta property=\"og:type\" content=\"article\" \/>\n<meta property=\"og:title\" content=\"Eruption volcanique \u00e0 la R\u00e9union - les risques et les bons r\u00e9flexes\" \/>\n<meta property=\"og:description\" content=\"\u00c9ruption volcanique \u00e0 La R\u00e9union : d\u00e9couvrez les risques pour la sant\u00e9 (cendres, gaz) et les bons gestes pour vous prot\u00e9ger efficacement au quotidien\" \/>\n<meta property=\"og:url\" content=\"https:\/\/pharmaciereunion.fr\/index.php\/2841-2\/\" \/>\n<meta property=\"og:site_name\" content=\"Pharmacie de L&#039;Est\" \/>\n<meta property=\"article:publisher\" content=\"https:\/\/www.facebook.com\/pharmaciedelest974\" \/>\n<meta property=\"article:modified_time\" content=\"2026-04-10T15:20:43+00:00\" \/>\n<meta property=\"og:image\" content=\"https:\/\/pharmaciereunion.fr\/wp-content\/uploads\/2026\/04\/Photo-blog-1ere-page-.png\" \/>\n\t<meta property=\"og:image:width\" content=\"370\" \/>\n\t<meta property=\"og:image:height\" content=\"500\" \/>\n\t<meta property=\"og:image:type\" content=\"image\/png\" \/>\n<meta name=\"twitter:card\" content=\"summary_large_image\" \/>\n<meta name=\"twitter:label1\" content=\"Dur\u00e9e de lecture estim\u00e9e\" \/>\n\t<meta name=\"twitter:data1\" content=\"2 minutes\" \/>\n<script type=\"application\/ld+json\" class=\"yoast-schema-graph\">{\"@context\":\"https:\\\/\\\/schema.org\",\"@graph\":[{\"@type\":\"WebPage\",\"@id\":\"https:\\\/\\\/pharmaciereunion.fr\\\/index.php\\\/2841-2\\\/\",\"url\":\"https:\\\/\\\/pharmaciereunion.fr\\\/index.php\\\/2841-2\\\/\",\"name\":\"Eruption volcanique \u00e0 la R\u00e9union - les risques et les bons r\u00e9flexes\",\"isPartOf\":{\"@id\":\"https:\\\/\\\/pharmaciereunion.fr\\\/#website\"},\"primaryImageOfPage\":{\"@id\":\"https:\\\/\\\/pharmaciereunion.fr\\\/index.php\\\/2841-2\\\/#primaryimage\"},\"image\":{\"@id\":\"https:\\\/\\\/pharmaciereunion.fr\\\/index.php\\\/2841-2\\\/#primaryimage\"},\"thumbnailUrl\":\"https:\\\/\\\/pharmaciereunion.fr\\\/wp-content\\\/uploads\\\/2026\\\/04\\\/Photo-blog-1ere-page-.png\",\"datePublished\":\"2026-04-10T12:34:18+00:00\",\"dateModified\":\"2026-04-10T15:20:43+00:00\",\"description\":\"\u00c9ruption volcanique \u00e0 La R\u00e9union : d\u00e9couvrez les risques pour la sant\u00e9 (cendres, gaz) et les bons gestes pour vous prot\u00e9ger efficacement au quotidien\",\"breadcrumb\":{\"@id\":\"https:\\\/\\\/pharmaciereunion.fr\\\/index.php\\\/2841-2\\\/#breadcrumb\"},\"inLanguage\":\"fr-FR\",\"potentialAction\":[{\"@type\":\"ReadAction\",\"target\":[\"https:\\\/\\\/pharmaciereunion.fr\\\/index.php\\\/2841-2\\\/\"]}]},{\"@type\":\"ImageObject\",\"inLanguage\":\"fr-FR\",\"@id\":\"https:\\\/\\\/pharmaciereunion.fr\\\/index.php\\\/2841-2\\\/#primaryimage\",\"url\":\"https:\\\/\\\/pharmaciereunion.fr\\\/wp-content\\\/uploads\\\/2026\\\/04\\\/Photo-blog-1ere-page-.png\",\"contentUrl\":\"https:\\\/\\\/pharmaciereunion.fr\\\/wp-content\\\/uploads\\\/2026\\\/04\\\/Photo-blog-1ere-page-.png\",\"width\":370,\"height\":500},{\"@type\":\"BreadcrumbList\",\"@id\":\"https:\\\/\\\/pharmaciereunion.fr\\\/index.php\\\/2841-2\\\/#breadcrumb\",\"itemListElement\":[{\"@type\":\"ListItem\",\"position\":1,\"name\":\"Accueil\",\"item\":\"https:\\\/\\\/pharmaciereunion.fr\\\/\"},{\"@type\":\"ListItem\",\"position\":2,\"name\":\"Blog\"}]},{\"@type\":\"WebSite\",\"@id\":\"https:\\\/\\\/pharmaciereunion.fr\\\/#website\",\"url\":\"https:\\\/\\\/pharmaciereunion.fr\\\/\",\"name\":\"Pharmacie de L'Est | Saint-Beno\u00eet La R\u00e9union\",\"description\":\"Pharmacie en ligne de La Reunion\",\"publisher\":{\"@id\":\"https:\\\/\\\/pharmaciereunion.fr\\\/#organization\"},\"potentialAction\":[{\"@type\":\"SearchAction\",\"target\":{\"@type\":\"EntryPoint\",\"urlTemplate\":\"https:\\\/\\\/pharmaciereunion.fr\\\/?s={search_term_string}\"},\"query-input\":{\"@type\":\"PropertyValueSpecification\",\"valueRequired\":true,\"valueName\":\"search_term_string\"}}],\"inLanguage\":\"fr-FR\"},{\"@type\":\"Organization\",\"@id\":\"https:\\\/\\\/pharmaciereunion.fr\\\/#organization\",\"name\":\"Pharmacie de L'Est | Saint-Beno\u00eet La R\u00e9union\",\"url\":\"https:\\\/\\\/pharmaciereunion.fr\\\/\",\"logo\":{\"@type\":\"ImageObject\",\"inLanguage\":\"fr-FR\",\"@id\":\"https:\\\/\\\/pharmaciereunion.fr\\\/#\\\/schema\\\/logo\\\/image\\\/\",\"url\":\"https:\\\/\\\/pharmaciereunion.fr\\\/wp-content\\\/uploads\\\/2026\\\/04\\\/cropped-logo-page-recherche-site.png\",\"contentUrl\":\"https:\\\/\\\/pharmaciereunion.fr\\\/wp-content\\\/uploads\\\/2026\\\/04\\\/cropped-logo-page-recherche-site.png\",\"width\":512,\"height\":512,\"caption\":\"Pharmacie de L'Est | Saint-Beno\u00eet La R\u00e9union\"},\"image\":{\"@id\":\"https:\\\/\\\/pharmaciereunion.fr\\\/#\\\/schema\\\/logo\\\/image\\\/\"},\"sameAs\":[\"https:\\\/\\\/www.facebook.com\\\/pharmaciedelest974\",\"https:\\\/\\\/www.instagram.com\\\/pharmacie.delest\\\/\"]}]}<\/script>\n<!-- \/ Yoast SEO plugin. -->","yoast_head_json":{"title":"Eruption volcanique \u00e0 la R\u00e9union - les risques et les bons r\u00e9flexes","description":"\u00c9ruption volcanique \u00e0 La R\u00e9union : d\u00e9couvrez les risques pour la sant\u00e9 (cendres, gaz) et les bons gestes pour vous prot\u00e9ger efficacement au quotidien","robots":{"index":"index","follow":"follow","max-snippet":"max-snippet:-1","max-image-preview":"max-image-preview:large","max-video-preview":"max-video-preview:-1"},"canonical":"https:\/\/pharmaciereunion.fr\/index.php\/2841-2\/","og_locale":"fr_FR","og_type":"article","og_title":"Eruption volcanique \u00e0 la R\u00e9union - les risques et les bons r\u00e9flexes","og_description":"\u00c9ruption volcanique \u00e0 La R\u00e9union : d\u00e9couvrez les risques pour la sant\u00e9 (cendres, gaz) et les bons gestes pour vous prot\u00e9ger efficacement au quotidien","og_url":"https:\/\/pharmaciereunion.fr\/index.php\/2841-2\/","og_site_name":"Pharmacie de L&#039;Est","article_publisher":"https:\/\/www.facebook.com\/pharmaciedelest974","article_modified_time":"2026-04-10T15:20:43+00:00","og_image":[{"width":370,"height":500,"url":"https:\/\/pharmaciereunion.fr\/wp-content\/uploads\/2026\/04\/Photo-blog-1ere-page-.png","type":"image\/png"}],"twitter_card":"summary_large_image","twitter_misc":{"Dur\u00e9e de lecture estim\u00e9e":"2 minutes"},"schema":{"@context":"https:\/\/schema.org","@graph":[{"@type":"WebPage","@id":"https:\/\/pharmaciereunion.fr\/index.php\/2841-2\/","url":"https:\/\/pharmaciereunion.fr\/index.php\/2841-2\/","name":"Eruption volcanique \u00e0 la R\u00e9union - les risques et les bons r\u00e9flexes","isPartOf":{"@id":"https:\/\/pharmaciereunion.fr\/#website"},"primaryImageOfPage":{"@id":"https:\/\/pharmaciereunion.fr\/index.php\/2841-2\/#primaryimage"},"image":{"@id":"https:\/\/pharmaciereunion.fr\/index.php\/2841-2\/#primaryimage"},"thumbnailUrl":"https:\/\/pharmaciereunion.fr\/wp-content\/uploads\/2026\/04\/Photo-blog-1ere-page-.png","datePublished":"2026-04-10T12:34:18+00:00","dateModified":"2026-04-10T15:20:43+00:00","description":"\u00c9ruption volcanique \u00e0 La R\u00e9union : d\u00e9couvrez les risques pour la sant\u00e9 (cendres, gaz) et les bons gestes pour vous prot\u00e9ger efficacement au quotidien","breadcrumb":{"@id":"https:\/\/pharmaciereunion.fr\/index.php\/2841-2\/#breadcrumb"},"inLanguage":"fr-FR","potentialAction":[{"@type":"ReadAction","target":["https:\/\/pharmaciereunion.fr\/index.php\/2841-2\/"]}]},{"@type":"ImageObject","inLanguage":"fr-FR","@id":"https:\/\/pharmaciereunion.fr\/index.php\/2841-2\/#primaryimage","url":"https:\/\/pharmaciereunion.fr\/wp-content\/uploads\/2026\/04\/Photo-blog-1ere-page-.png","contentUrl":"https:\/\/pharmaciereunion.fr\/wp-content\/uploads\/2026\/04\/Photo-blog-1ere-page-.png","width":370,"height":500},{"@type":"BreadcrumbList","@id":"https:\/\/pharmaciereunion.fr\/index.php\/2841-2\/#breadcrumb","itemListElement":[{"@type":"ListItem","position":1,"name":"Accueil","item":"https:\/\/pharmaciereunion.fr\/"},{"@type":"ListItem","position":2,"name":"Blog"}]},{"@type":"WebSite","@id":"https:\/\/pharmaciereunion.fr\/#website","url":"https:\/\/pharmaciereunion.fr\/","name":"Pharmacie de L'Est | Saint-Beno\u00eet La R\u00e9union","description":"Pharmacie en ligne de La Reunion","publisher":{"@id":"https:\/\/pharmaciereunion.fr\/#organization"},"potentialAction":[{"@type":"SearchAction","target":{"@type":"EntryPoint","urlTemplate":"https:\/\/pharmaciereunion.fr\/?s={search_term_string}"},"query-input":{"@type":"PropertyValueSpecification","valueRequired":true,"valueName":"search_term_string"}}],"inLanguage":"fr-FR"},{"@type":"Organization","@id":"https:\/\/pharmaciereunion.fr\/#organization","name":"Pharmacie de L'Est | Saint-Beno\u00eet La R\u00e9union","url":"https:\/\/pharmaciereunion.fr\/","logo":{"@type":"ImageObject","inLanguage":"fr-FR","@id":"https:\/\/pharmaciereunion.fr\/#\/schema\/logo\/image\/","url":"https:\/\/pharmaciereunion.fr\/wp-content\/uploads\/2026\/04\/cropped-logo-page-recherche-site.png","contentUrl":"https:\/\/pharmaciereunion.fr\/wp-content\/uploads\/2026\/04\/cropped-logo-page-recherche-site.png","width":512,"height":512,"caption":"Pharmacie de L'Est | Saint-Beno\u00eet La R\u00e9union"},"image":{"@id":"https:\/\/pharmaciereunion.fr\/#\/schema\/logo\/image\/"},"sameAs":["https:\/\/www.facebook.com\/pharmaciedelest974","https:\/\/www.instagram.com\/pharmacie.delest\/"]}]}},"jetpack_sharing_enabled":true,"_links":{"self":[{"href":"https:\/\/pharmaciereunion.fr\/index.php\/wp-json\/wp\/v2\/pages\/2841","targetHints":{"allow":["GET"]}}],"collection":[{"href":"https:\/\/pharmaciereunion.fr\/index.php\/wp-json\/wp\/v2\/pages"}],"about":[{"href":"https:\/\/pharmaciereunion.fr\/index.php\/wp-json\/wp\/v2\/types\/page"}],"author":[{"embeddable":true,"href":"https:\/\/pharmaciereunion.fr\/index.php\/wp-json\/wp\/v2\/users\/1"}],"replies":[{"embeddable":true,"href":"https:\/\/pharmaciereunion.fr\/index.php\/wp-json\/wp\/v2\/comments?post=2841"}],"version-history":[{"count":9,"href":"https:\/\/pharmaciereunion.fr\/index.php\/wp-json\/wp\/v2\/pages\/2841\/revisions"}],"predecessor-version":[{"id":2862,"href":"https:\/\/pharmaciereunion.fr\/index.php\/wp-json\/wp\/v2\/pages\/2841\/revisions\/2862"}],"wp:attachment":[{"href":"https:\/\/pharmaciereunion.fr\/index.php\/wp-json\/wp\/v2\/media?parent=2841"}],"curies":[{"name":"wp","href":"https:\/\/api.w.org\/{rel}","templated":true}]}}