{"id":2194,"date":"2026-03-25T10:28:48","date_gmt":"2026-03-25T06:28:48","guid":{"rendered":"http:\/\/pharmaciereunion.fr\/?post_type=product&#038;p=2194"},"modified":"2026-03-25T10:28:48","modified_gmt":"2026-03-25T06:28:48","slug":"nuvi-line-collagene-marin-peau-anti-age","status":"publish","type":"product","link":"https:\/\/pharmaciereunion.fr\/index.php\/product\/nuvi-line-collagene-marin-peau-anti-age\/","title":{"rendered":"Nuvi Line Collag\u00e8ne Marin Peau Anti-\u00c2ge"},"content":{"rendered":"<p data-start=\"119\" data-end=\"426\"><strong>Le compl\u00e9ment alimentaire Collag\u00e8ne Marin Peau Anti-\u00c2ge 280g (45 doses) est formul\u00e9 pour accompagner la beaut\u00e9 de la peau de l\u2019int\u00e9rieur. <\/strong><\/p>\n<p data-start=\"119\" data-end=\"426\">\u00c0 base de collag\u00e8ne marin, il contribue \u00e0 soutenir l\u2019\u00e9lasticit\u00e9 et la fermet\u00e9 de la peau, tout en participant \u00e0 la r\u00e9duction visible des signes du vieillissement cutan\u00e9.<\/p>\n<p data-start=\"428\" data-end=\"726\">Sa formule est con\u00e7ue pour apporter des nutriments essentiels impliqu\u00e9s dans le maintien d\u2019une peau d\u2019apparence plus lisse, plus souple et plus \u00e9clatante.<\/p>\n<p data-start=\"428\" data-end=\"726\">Facile \u00e0 int\u00e9grer dans une routine quotidienne, ce format 280 g correspond \u00e0 environ 45 doses, permettant une utilisation r\u00e9guli\u00e8re et durable.<\/p>\n<p data-start=\"728\" data-end=\"950\">Id\u00e9al pour les personnes souhaitant am\u00e9liorer l\u2019aspect g\u00e9n\u00e9ral de leur peau, ce compl\u00e9ment s\u2019inscrit dans une d\u00e9marche globale de soin anti-\u00e2ge, en compl\u00e9ment d\u2019une bonne hygi\u00e8ne de vie et d\u2019une routine cosm\u00e9tique adapt\u00e9e.<\/p>\n","protected":false},"excerpt":{"rendered":"<p data-start=\"988\" data-end=\"1110\">Collag\u00e8ne marin en poudre pour soutenir la fermet\u00e9 et l\u2019\u00e9lasticit\u00e9 de la peau.<\/p>\n<p data-start=\"988\" data-end=\"1110\">Cure anti-\u00e2ge, 280 g soit environ 45 doses.<\/p>\n","protected":false},"featured_media":2195,"comment_status":"open","ping_status":"closed","template":"","meta":[],"product_brand":[49],"product_cat":[16],"product_tag":[51,54,50,55,53,52,56,35],"class_list":{"0":"post-2194","1":"product","2":"type-product","3":"status-publish","4":"has-post-thumbnail","6":"product_brand-nuvi-line","7":"product_cat-uncategorized","8":"product_tag-anti-age","9":"product_tag-beaute-de-la-peau","10":"product_tag-collagene","11":"product_tag-cure","12":"product_tag-elasticite","13":"product_tag-peau","14":"product_tag-poudre","15":"product_tag-usage-quotidien","17":"first","18":"instock","19":"sale","20":"shipping-taxable","21":"purchasable","22":"product-type-simple"},"yoast_head":"<!-- This site is optimized with the Yoast SEO plugin v27.3 - https:\/\/yoast.com\/product\/yoast-seo-wordpress\/ -->\n<title>Nuvi Line Collag\u00e8ne Marin Peau Anti-\u00c2ge - Pharmacie de L&#039;Est<\/title>\n<meta name=\"robots\" content=\"index, follow, max-snippet:-1, max-image-preview:large, max-video-preview:-1\" \/>\n<link rel=\"canonical\" href=\"https:\/\/pharmaciereunion.fr\/index.php\/product\/nuvi-line-collagene-marin-peau-anti-age\/\" \/>\n<meta property=\"og:locale\" content=\"fr_FR\" \/>\n<meta property=\"og:type\" content=\"article\" \/>\n<meta property=\"og:title\" content=\"Nuvi Line Collag\u00e8ne Marin Peau Anti-\u00c2ge - Pharmacie de L&#039;Est\" \/>\n<meta property=\"og:description\" content=\"Collag\u00e8ne marin en poudre pour soutenir la fermet\u00e9 et l\u2019\u00e9lasticit\u00e9 de la peau. Cure anti-\u00e2ge, 280 g soit environ 45 doses.\" \/>\n<meta property=\"og:url\" content=\"https:\/\/pharmaciereunion.fr\/index.php\/product\/nuvi-line-collagene-marin-peau-anti-age\/\" \/>\n<meta property=\"og:site_name\" content=\"Pharmacie de L&#039;Est\" \/>\n<meta property=\"article:publisher\" content=\"https:\/\/www.facebook.com\/pharmaciedelest974\" \/>\n<meta property=\"og:image\" content=\"https:\/\/pharmaciereunion.fr\/wp-content\/uploads\/2026\/03\/Pharmacie-en-ligne-974-4.png\" \/>\n\t<meta property=\"og:image:width\" content=\"1000\" \/>\n\t<meta property=\"og:image:height\" content=\"1000\" \/>\n\t<meta property=\"og:image:type\" content=\"image\/png\" \/>\n<meta name=\"twitter:card\" content=\"summary_large_image\" \/>\n<meta name=\"twitter:label1\" content=\"Dur\u00e9e de lecture estim\u00e9e\" \/>\n\t<meta name=\"twitter:data1\" content=\"1 minute\" \/>\n<script type=\"application\/ld+json\" class=\"yoast-schema-graph\">{\"@context\":\"https:\\\/\\\/schema.org\",\"@graph\":[{\"@type\":\"WebPage\",\"@id\":\"https:\\\/\\\/pharmaciereunion.fr\\\/index.php\\\/product\\\/nuvi-line-collagene-marin-peau-anti-age\\\/\",\"url\":\"https:\\\/\\\/pharmaciereunion.fr\\\/index.php\\\/product\\\/nuvi-line-collagene-marin-peau-anti-age\\\/\",\"name\":\"Nuvi Line Collag\u00e8ne Marin Peau Anti-\u00c2ge - Pharmacie de L&#039;Est\",\"isPartOf\":{\"@id\":\"https:\\\/\\\/pharmaciereunion.fr\\\/#website\"},\"primaryImageOfPage\":{\"@id\":\"https:\\\/\\\/pharmaciereunion.fr\\\/index.php\\\/product\\\/nuvi-line-collagene-marin-peau-anti-age\\\/#primaryimage\"},\"image\":{\"@id\":\"https:\\\/\\\/pharmaciereunion.fr\\\/index.php\\\/product\\\/nuvi-line-collagene-marin-peau-anti-age\\\/#primaryimage\"},\"thumbnailUrl\":\"https:\\\/\\\/pharmaciereunion.fr\\\/wp-content\\\/uploads\\\/2026\\\/03\\\/Pharmacie-en-ligne-974-4.png\",\"datePublished\":\"2026-03-25T06:28:48+00:00\",\"breadcrumb\":{\"@id\":\"https:\\\/\\\/pharmaciereunion.fr\\\/index.php\\\/product\\\/nuvi-line-collagene-marin-peau-anti-age\\\/#breadcrumb\"},\"inLanguage\":\"fr-FR\",\"potentialAction\":[{\"@type\":\"ReadAction\",\"target\":[\"https:\\\/\\\/pharmaciereunion.fr\\\/index.php\\\/product\\\/nuvi-line-collagene-marin-peau-anti-age\\\/\"]}]},{\"@type\":\"ImageObject\",\"inLanguage\":\"fr-FR\",\"@id\":\"https:\\\/\\\/pharmaciereunion.fr\\\/index.php\\\/product\\\/nuvi-line-collagene-marin-peau-anti-age\\\/#primaryimage\",\"url\":\"https:\\\/\\\/pharmaciereunion.fr\\\/wp-content\\\/uploads\\\/2026\\\/03\\\/Pharmacie-en-ligne-974-4.png\",\"contentUrl\":\"https:\\\/\\\/pharmaciereunion.fr\\\/wp-content\\\/uploads\\\/2026\\\/03\\\/Pharmacie-en-ligne-974-4.png\",\"width\":1000,\"height\":1000},{\"@type\":\"BreadcrumbList\",\"@id\":\"https:\\\/\\\/pharmaciereunion.fr\\\/index.php\\\/product\\\/nuvi-line-collagene-marin-peau-anti-age\\\/#breadcrumb\",\"itemListElement\":[{\"@type\":\"ListItem\",\"position\":1,\"name\":\"Accueil\",\"item\":\"https:\\\/\\\/pharmaciereunion.fr\\\/\"},{\"@type\":\"ListItem\",\"position\":2,\"name\":\"Produits\",\"item\":\"https:\\\/\\\/pharmaciereunion.fr\\\/index.php\\\/shop\\\/\"},{\"@type\":\"ListItem\",\"position\":3,\"name\":\"Nuvi Line Collag\u00e8ne Marin Peau Anti-\u00c2ge\"}]},{\"@type\":\"WebSite\",\"@id\":\"https:\\\/\\\/pharmaciereunion.fr\\\/#website\",\"url\":\"https:\\\/\\\/pharmaciereunion.fr\\\/\",\"name\":\"Pharmacie de L'Est | Saint-Beno\u00eet La R\u00e9union\",\"description\":\"Pharmacie en ligne de La Reunion\",\"publisher\":{\"@id\":\"https:\\\/\\\/pharmaciereunion.fr\\\/#organization\"},\"potentialAction\":[{\"@type\":\"SearchAction\",\"target\":{\"@type\":\"EntryPoint\",\"urlTemplate\":\"https:\\\/\\\/pharmaciereunion.fr\\\/?s={search_term_string}\"},\"query-input\":{\"@type\":\"PropertyValueSpecification\",\"valueRequired\":true,\"valueName\":\"search_term_string\"}}],\"inLanguage\":\"fr-FR\"},{\"@type\":\"Organization\",\"@id\":\"https:\\\/\\\/pharmaciereunion.fr\\\/#organization\",\"name\":\"Pharmacie de L'Est | Saint-Beno\u00eet La R\u00e9union\",\"url\":\"https:\\\/\\\/pharmaciereunion.fr\\\/\",\"logo\":{\"@type\":\"ImageObject\",\"inLanguage\":\"fr-FR\",\"@id\":\"https:\\\/\\\/pharmaciereunion.fr\\\/#\\\/schema\\\/logo\\\/image\\\/\",\"url\":\"https:\\\/\\\/pharmaciereunion.fr\\\/wp-content\\\/uploads\\\/2026\\\/04\\\/cropped-logo-page-recherche-site.png\",\"contentUrl\":\"https:\\\/\\\/pharmaciereunion.fr\\\/wp-content\\\/uploads\\\/2026\\\/04\\\/cropped-logo-page-recherche-site.png\",\"width\":512,\"height\":512,\"caption\":\"Pharmacie de L'Est | Saint-Beno\u00eet La R\u00e9union\"},\"image\":{\"@id\":\"https:\\\/\\\/pharmaciereunion.fr\\\/#\\\/schema\\\/logo\\\/image\\\/\"},\"sameAs\":[\"https:\\\/\\\/www.facebook.com\\\/pharmaciedelest974\",\"https:\\\/\\\/www.instagram.com\\\/pharmacie.delest\\\/\"]}]}<\/script>\n<!-- \/ Yoast SEO plugin. -->","yoast_head_json":{"title":"Nuvi Line Collag\u00e8ne Marin Peau Anti-\u00c2ge - Pharmacie de L&#039;Est","robots":{"index":"index","follow":"follow","max-snippet":"max-snippet:-1","max-image-preview":"max-image-preview:large","max-video-preview":"max-video-preview:-1"},"canonical":"https:\/\/pharmaciereunion.fr\/index.php\/product\/nuvi-line-collagene-marin-peau-anti-age\/","og_locale":"fr_FR","og_type":"article","og_title":"Nuvi Line Collag\u00e8ne Marin Peau Anti-\u00c2ge - Pharmacie de L&#039;Est","og_description":"Collag\u00e8ne marin en poudre pour soutenir la fermet\u00e9 et l\u2019\u00e9lasticit\u00e9 de la peau. Cure anti-\u00e2ge, 280 g soit environ 45 doses.","og_url":"https:\/\/pharmaciereunion.fr\/index.php\/product\/nuvi-line-collagene-marin-peau-anti-age\/","og_site_name":"Pharmacie de L&#039;Est","article_publisher":"https:\/\/www.facebook.com\/pharmaciedelest974","og_image":[{"width":1000,"height":1000,"url":"https:\/\/pharmaciereunion.fr\/wp-content\/uploads\/2026\/03\/Pharmacie-en-ligne-974-4.png","type":"image\/png"}],"twitter_card":"summary_large_image","twitter_misc":{"Dur\u00e9e de lecture estim\u00e9e":"1 minute"},"schema":{"@context":"https:\/\/schema.org","@graph":[{"@type":"WebPage","@id":"https:\/\/pharmaciereunion.fr\/index.php\/product\/nuvi-line-collagene-marin-peau-anti-age\/","url":"https:\/\/pharmaciereunion.fr\/index.php\/product\/nuvi-line-collagene-marin-peau-anti-age\/","name":"Nuvi Line Collag\u00e8ne Marin Peau Anti-\u00c2ge - Pharmacie de L&#039;Est","isPartOf":{"@id":"https:\/\/pharmaciereunion.fr\/#website"},"primaryImageOfPage":{"@id":"https:\/\/pharmaciereunion.fr\/index.php\/product\/nuvi-line-collagene-marin-peau-anti-age\/#primaryimage"},"image":{"@id":"https:\/\/pharmaciereunion.fr\/index.php\/product\/nuvi-line-collagene-marin-peau-anti-age\/#primaryimage"},"thumbnailUrl":"https:\/\/pharmaciereunion.fr\/wp-content\/uploads\/2026\/03\/Pharmacie-en-ligne-974-4.png","datePublished":"2026-03-25T06:28:48+00:00","breadcrumb":{"@id":"https:\/\/pharmaciereunion.fr\/index.php\/product\/nuvi-line-collagene-marin-peau-anti-age\/#breadcrumb"},"inLanguage":"fr-FR","potentialAction":[{"@type":"ReadAction","target":["https:\/\/pharmaciereunion.fr\/index.php\/product\/nuvi-line-collagene-marin-peau-anti-age\/"]}]},{"@type":"ImageObject","inLanguage":"fr-FR","@id":"https:\/\/pharmaciereunion.fr\/index.php\/product\/nuvi-line-collagene-marin-peau-anti-age\/#primaryimage","url":"https:\/\/pharmaciereunion.fr\/wp-content\/uploads\/2026\/03\/Pharmacie-en-ligne-974-4.png","contentUrl":"https:\/\/pharmaciereunion.fr\/wp-content\/uploads\/2026\/03\/Pharmacie-en-ligne-974-4.png","width":1000,"height":1000},{"@type":"BreadcrumbList","@id":"https:\/\/pharmaciereunion.fr\/index.php\/product\/nuvi-line-collagene-marin-peau-anti-age\/#breadcrumb","itemListElement":[{"@type":"ListItem","position":1,"name":"Accueil","item":"https:\/\/pharmaciereunion.fr\/"},{"@type":"ListItem","position":2,"name":"Produits","item":"https:\/\/pharmaciereunion.fr\/index.php\/shop\/"},{"@type":"ListItem","position":3,"name":"Nuvi Line Collag\u00e8ne Marin Peau Anti-\u00c2ge"}]},{"@type":"WebSite","@id":"https:\/\/pharmaciereunion.fr\/#website","url":"https:\/\/pharmaciereunion.fr\/","name":"Pharmacie de L'Est | Saint-Beno\u00eet La R\u00e9union","description":"Pharmacie en ligne de La Reunion","publisher":{"@id":"https:\/\/pharmaciereunion.fr\/#organization"},"potentialAction":[{"@type":"SearchAction","target":{"@type":"EntryPoint","urlTemplate":"https:\/\/pharmaciereunion.fr\/?s={search_term_string}"},"query-input":{"@type":"PropertyValueSpecification","valueRequired":true,"valueName":"search_term_string"}}],"inLanguage":"fr-FR"},{"@type":"Organization","@id":"https:\/\/pharmaciereunion.fr\/#organization","name":"Pharmacie de L'Est | Saint-Beno\u00eet La R\u00e9union","url":"https:\/\/pharmaciereunion.fr\/","logo":{"@type":"ImageObject","inLanguage":"fr-FR","@id":"https:\/\/pharmaciereunion.fr\/#\/schema\/logo\/image\/","url":"https:\/\/pharmaciereunion.fr\/wp-content\/uploads\/2026\/04\/cropped-logo-page-recherche-site.png","contentUrl":"https:\/\/pharmaciereunion.fr\/wp-content\/uploads\/2026\/04\/cropped-logo-page-recherche-site.png","width":512,"height":512,"caption":"Pharmacie de L'Est | Saint-Beno\u00eet La R\u00e9union"},"image":{"@id":"https:\/\/pharmaciereunion.fr\/#\/schema\/logo\/image\/"},"sameAs":["https:\/\/www.facebook.com\/pharmaciedelest974","https:\/\/www.instagram.com\/pharmacie.delest\/"]}]}},"jetpack_sharing_enabled":true,"_links":{"self":[{"href":"https:\/\/pharmaciereunion.fr\/index.php\/wp-json\/wp\/v2\/product\/2194","targetHints":{"allow":["GET"]}}],"collection":[{"href":"https:\/\/pharmaciereunion.fr\/index.php\/wp-json\/wp\/v2\/product"}],"about":[{"href":"https:\/\/pharmaciereunion.fr\/index.php\/wp-json\/wp\/v2\/types\/product"}],"replies":[{"embeddable":true,"href":"https:\/\/pharmaciereunion.fr\/index.php\/wp-json\/wp\/v2\/comments?post=2194"}],"wp:featuredmedia":[{"embeddable":true,"href":"https:\/\/pharmaciereunion.fr\/index.php\/wp-json\/wp\/v2\/media\/2195"}],"wp:attachment":[{"href":"https:\/\/pharmaciereunion.fr\/index.php\/wp-json\/wp\/v2\/media?parent=2194"}],"wp:term":[{"taxonomy":"product_brand","embeddable":true,"href":"https:\/\/pharmaciereunion.fr\/index.php\/wp-json\/wp\/v2\/product_brand?post=2194"},{"taxonomy":"product_cat","embeddable":true,"href":"https:\/\/pharmaciereunion.fr\/index.php\/wp-json\/wp\/v2\/product_cat?post=2194"},{"taxonomy":"product_tag","embeddable":true,"href":"https:\/\/pharmaciereunion.fr\/index.php\/wp-json\/wp\/v2\/product_tag?post=2194"}],"curies":[{"name":"wp","href":"https:\/\/api.w.org\/{rel}","templated":true}]}}