{"id":2196,"date":"2026-03-25T10:35:25","date_gmt":"2026-03-25T06:35:25","guid":{"rendered":"http:\/\/pharmaciereunion.fr\/?post_type=product&#038;p=2196"},"modified":"2026-03-25T10:35:25","modified_gmt":"2026-03-25T06:35:25","slug":"nuvi-line-life-pur-collagene-marin-universel","status":"publish","type":"product","link":"https:\/\/pharmaciereunion.fr\/index.php\/product\/nuvi-line-life-pur-collagene-marin-universel\/","title":{"rendered":"Nuvi Line Life Pur Collag\u00e8ne Marin Universel"},"content":{"rendered":"<p data-start=\"108\" data-end=\"454\"><strong>Le compl\u00e9ment alimentaire Nuvi Line Life Pur Collag\u00e8ne Marin Universel est une formule \u00e0 base de collag\u00e8ne marin destin\u00e9e \u00e0 soutenir le bien-\u00eatre global de l\u2019organisme. <\/strong><\/p>\n<p data-start=\"108\" data-end=\"454\">Il contribue au maintien de la structure de la peau, des articulations, ainsi que des cheveux et des ongles, en apportant des nutriments essentiels impliqu\u00e9s dans leur bon fonctionnement.<\/p>\n<p data-start=\"456\" data-end=\"798\">Gr\u00e2ce \u00e0 sa formule en poudre facile \u00e0 utiliser, il s\u2019int\u00e8gre simplement dans une routine quotidienne.<\/p>\n<p data-start=\"456\" data-end=\"798\">Il peut \u00eatre m\u00e9lang\u00e9 \u00e0 une boisson pour une consommation pratique et r\u00e9guli\u00e8re.<\/p>\n<p data-start=\"456\" data-end=\"798\">Ce type de collag\u00e8ne est particuli\u00e8rement appr\u00e9ci\u00e9 dans le cadre d\u2019une cure visant \u00e0 accompagner le maintien de la fermet\u00e9 de la peau et du confort articulaire.<\/p>\n<p data-start=\"800\" data-end=\"1010\">Adapt\u00e9 aux personnes souhaitant prendre soin de leur capital jeunesse et de leur bien-\u00eatre g\u00e9n\u00e9ral, ce compl\u00e9ment s\u2019inscrit dans une approche globale associant alimentation \u00e9quilibr\u00e9e et hygi\u00e8ne de vie adapt\u00e9e.<\/p>\n","protected":false},"excerpt":{"rendered":"<p>Collag\u00e8ne marin universel en poudre, contribue au maintien de la peau, des articulations, des cheveux et des ongles.<\/p>\n<p>Cure bien-\u00eatre quotidienne.<\/p>\n","protected":false},"featured_media":2197,"comment_status":"open","ping_status":"closed","template":"","meta":[],"product_brand":[49],"product_cat":[60,59,61,57],"product_tag":[50,55,52,56],"class_list":{"0":"post-2196","1":"product","2":"type-product","3":"status-publish","4":"has-post-thumbnail","6":"product_brand-nuvi-line","7":"product_cat-articulations","8":"product_cat-beaute","9":"product_cat-bien-etre","10":"product_cat-complements-alimentaires","11":"product_tag-collagene","12":"product_tag-cure","13":"product_tag-peau","14":"product_tag-poudre","16":"first","17":"instock","18":"sale","19":"shipping-taxable","20":"purchasable","21":"product-type-simple"},"yoast_head":"<!-- This site is optimized with the Yoast SEO plugin v27.3 - https:\/\/yoast.com\/product\/yoast-seo-wordpress\/ -->\n<title>Nuvi Line Life Pur Collag\u00e8ne Marin Universel - Pharmacie de L&#039;Est<\/title>\n<meta name=\"robots\" content=\"index, follow, max-snippet:-1, max-image-preview:large, max-video-preview:-1\" \/>\n<link rel=\"canonical\" href=\"https:\/\/pharmaciereunion.fr\/index.php\/product\/nuvi-line-life-pur-collagene-marin-universel\/\" \/>\n<meta property=\"og:locale\" content=\"fr_FR\" \/>\n<meta property=\"og:type\" content=\"article\" \/>\n<meta property=\"og:title\" content=\"Nuvi Line Life Pur Collag\u00e8ne Marin Universel - Pharmacie de L&#039;Est\" \/>\n<meta property=\"og:description\" content=\"Collag\u00e8ne marin universel en poudre, contribue au maintien de la peau, des articulations, des cheveux et des ongles.  Cure bien-\u00eatre quotidienne.\" \/>\n<meta property=\"og:url\" content=\"https:\/\/pharmaciereunion.fr\/index.php\/product\/nuvi-line-life-pur-collagene-marin-universel\/\" \/>\n<meta property=\"og:site_name\" content=\"Pharmacie de L&#039;Est\" \/>\n<meta property=\"article:publisher\" content=\"https:\/\/www.facebook.com\/pharmaciedelest974\" \/>\n<meta property=\"og:image\" content=\"https:\/\/pharmaciereunion.fr\/wp-content\/uploads\/2026\/03\/Pharmacie-en-ligne-974-5.png\" \/>\n\t<meta property=\"og:image:width\" content=\"1000\" \/>\n\t<meta property=\"og:image:height\" content=\"1000\" \/>\n\t<meta property=\"og:image:type\" content=\"image\/png\" \/>\n<meta name=\"twitter:card\" content=\"summary_large_image\" \/>\n<meta name=\"twitter:label1\" content=\"Dur\u00e9e de lecture estim\u00e9e\" \/>\n\t<meta name=\"twitter:data1\" content=\"1 minute\" \/>\n<script type=\"application\/ld+json\" class=\"yoast-schema-graph\">{\"@context\":\"https:\\\/\\\/schema.org\",\"@graph\":[{\"@type\":\"WebPage\",\"@id\":\"https:\\\/\\\/pharmaciereunion.fr\\\/index.php\\\/product\\\/nuvi-line-life-pur-collagene-marin-universel\\\/\",\"url\":\"https:\\\/\\\/pharmaciereunion.fr\\\/index.php\\\/product\\\/nuvi-line-life-pur-collagene-marin-universel\\\/\",\"name\":\"Nuvi Line Life Pur Collag\u00e8ne Marin Universel - Pharmacie de L&#039;Est\",\"isPartOf\":{\"@id\":\"https:\\\/\\\/pharmaciereunion.fr\\\/#website\"},\"primaryImageOfPage\":{\"@id\":\"https:\\\/\\\/pharmaciereunion.fr\\\/index.php\\\/product\\\/nuvi-line-life-pur-collagene-marin-universel\\\/#primaryimage\"},\"image\":{\"@id\":\"https:\\\/\\\/pharmaciereunion.fr\\\/index.php\\\/product\\\/nuvi-line-life-pur-collagene-marin-universel\\\/#primaryimage\"},\"thumbnailUrl\":\"https:\\\/\\\/pharmaciereunion.fr\\\/wp-content\\\/uploads\\\/2026\\\/03\\\/Pharmacie-en-ligne-974-5.png\",\"datePublished\":\"2026-03-25T06:35:25+00:00\",\"breadcrumb\":{\"@id\":\"https:\\\/\\\/pharmaciereunion.fr\\\/index.php\\\/product\\\/nuvi-line-life-pur-collagene-marin-universel\\\/#breadcrumb\"},\"inLanguage\":\"fr-FR\",\"potentialAction\":[{\"@type\":\"ReadAction\",\"target\":[\"https:\\\/\\\/pharmaciereunion.fr\\\/index.php\\\/product\\\/nuvi-line-life-pur-collagene-marin-universel\\\/\"]}]},{\"@type\":\"ImageObject\",\"inLanguage\":\"fr-FR\",\"@id\":\"https:\\\/\\\/pharmaciereunion.fr\\\/index.php\\\/product\\\/nuvi-line-life-pur-collagene-marin-universel\\\/#primaryimage\",\"url\":\"https:\\\/\\\/pharmaciereunion.fr\\\/wp-content\\\/uploads\\\/2026\\\/03\\\/Pharmacie-en-ligne-974-5.png\",\"contentUrl\":\"https:\\\/\\\/pharmaciereunion.fr\\\/wp-content\\\/uploads\\\/2026\\\/03\\\/Pharmacie-en-ligne-974-5.png\",\"width\":1000,\"height\":1000},{\"@type\":\"BreadcrumbList\",\"@id\":\"https:\\\/\\\/pharmaciereunion.fr\\\/index.php\\\/product\\\/nuvi-line-life-pur-collagene-marin-universel\\\/#breadcrumb\",\"itemListElement\":[{\"@type\":\"ListItem\",\"position\":1,\"name\":\"Accueil\",\"item\":\"https:\\\/\\\/pharmaciereunion.fr\\\/\"},{\"@type\":\"ListItem\",\"position\":2,\"name\":\"Produits\",\"item\":\"https:\\\/\\\/pharmaciereunion.fr\\\/index.php\\\/shop\\\/\"},{\"@type\":\"ListItem\",\"position\":3,\"name\":\"Nuvi Line Life Pur Collag\u00e8ne Marin Universel\"}]},{\"@type\":\"WebSite\",\"@id\":\"https:\\\/\\\/pharmaciereunion.fr\\\/#website\",\"url\":\"https:\\\/\\\/pharmaciereunion.fr\\\/\",\"name\":\"Pharmacie de L'Est | Saint-Beno\u00eet La R\u00e9union\",\"description\":\"Pharmacie en ligne de La Reunion\",\"publisher\":{\"@id\":\"https:\\\/\\\/pharmaciereunion.fr\\\/#organization\"},\"potentialAction\":[{\"@type\":\"SearchAction\",\"target\":{\"@type\":\"EntryPoint\",\"urlTemplate\":\"https:\\\/\\\/pharmaciereunion.fr\\\/?s={search_term_string}\"},\"query-input\":{\"@type\":\"PropertyValueSpecification\",\"valueRequired\":true,\"valueName\":\"search_term_string\"}}],\"inLanguage\":\"fr-FR\"},{\"@type\":\"Organization\",\"@id\":\"https:\\\/\\\/pharmaciereunion.fr\\\/#organization\",\"name\":\"Pharmacie de L'Est | Saint-Beno\u00eet La R\u00e9union\",\"url\":\"https:\\\/\\\/pharmaciereunion.fr\\\/\",\"logo\":{\"@type\":\"ImageObject\",\"inLanguage\":\"fr-FR\",\"@id\":\"https:\\\/\\\/pharmaciereunion.fr\\\/#\\\/schema\\\/logo\\\/image\\\/\",\"url\":\"https:\\\/\\\/pharmaciereunion.fr\\\/wp-content\\\/uploads\\\/2026\\\/04\\\/cropped-logo-page-recherche-site.png\",\"contentUrl\":\"https:\\\/\\\/pharmaciereunion.fr\\\/wp-content\\\/uploads\\\/2026\\\/04\\\/cropped-logo-page-recherche-site.png\",\"width\":512,\"height\":512,\"caption\":\"Pharmacie de L'Est | Saint-Beno\u00eet La R\u00e9union\"},\"image\":{\"@id\":\"https:\\\/\\\/pharmaciereunion.fr\\\/#\\\/schema\\\/logo\\\/image\\\/\"},\"sameAs\":[\"https:\\\/\\\/www.facebook.com\\\/pharmaciedelest974\",\"https:\\\/\\\/www.instagram.com\\\/pharmacie.delest\\\/\"]}]}<\/script>\n<!-- \/ Yoast SEO plugin. -->","yoast_head_json":{"title":"Nuvi Line Life Pur Collag\u00e8ne Marin Universel - Pharmacie de L&#039;Est","robots":{"index":"index","follow":"follow","max-snippet":"max-snippet:-1","max-image-preview":"max-image-preview:large","max-video-preview":"max-video-preview:-1"},"canonical":"https:\/\/pharmaciereunion.fr\/index.php\/product\/nuvi-line-life-pur-collagene-marin-universel\/","og_locale":"fr_FR","og_type":"article","og_title":"Nuvi Line Life Pur Collag\u00e8ne Marin Universel - Pharmacie de L&#039;Est","og_description":"Collag\u00e8ne marin universel en poudre, contribue au maintien de la peau, des articulations, des cheveux et des ongles.  Cure bien-\u00eatre quotidienne.","og_url":"https:\/\/pharmaciereunion.fr\/index.php\/product\/nuvi-line-life-pur-collagene-marin-universel\/","og_site_name":"Pharmacie de L&#039;Est","article_publisher":"https:\/\/www.facebook.com\/pharmaciedelest974","og_image":[{"width":1000,"height":1000,"url":"https:\/\/pharmaciereunion.fr\/wp-content\/uploads\/2026\/03\/Pharmacie-en-ligne-974-5.png","type":"image\/png"}],"twitter_card":"summary_large_image","twitter_misc":{"Dur\u00e9e de lecture estim\u00e9e":"1 minute"},"schema":{"@context":"https:\/\/schema.org","@graph":[{"@type":"WebPage","@id":"https:\/\/pharmaciereunion.fr\/index.php\/product\/nuvi-line-life-pur-collagene-marin-universel\/","url":"https:\/\/pharmaciereunion.fr\/index.php\/product\/nuvi-line-life-pur-collagene-marin-universel\/","name":"Nuvi Line Life Pur Collag\u00e8ne Marin Universel - Pharmacie de L&#039;Est","isPartOf":{"@id":"https:\/\/pharmaciereunion.fr\/#website"},"primaryImageOfPage":{"@id":"https:\/\/pharmaciereunion.fr\/index.php\/product\/nuvi-line-life-pur-collagene-marin-universel\/#primaryimage"},"image":{"@id":"https:\/\/pharmaciereunion.fr\/index.php\/product\/nuvi-line-life-pur-collagene-marin-universel\/#primaryimage"},"thumbnailUrl":"https:\/\/pharmaciereunion.fr\/wp-content\/uploads\/2026\/03\/Pharmacie-en-ligne-974-5.png","datePublished":"2026-03-25T06:35:25+00:00","breadcrumb":{"@id":"https:\/\/pharmaciereunion.fr\/index.php\/product\/nuvi-line-life-pur-collagene-marin-universel\/#breadcrumb"},"inLanguage":"fr-FR","potentialAction":[{"@type":"ReadAction","target":["https:\/\/pharmaciereunion.fr\/index.php\/product\/nuvi-line-life-pur-collagene-marin-universel\/"]}]},{"@type":"ImageObject","inLanguage":"fr-FR","@id":"https:\/\/pharmaciereunion.fr\/index.php\/product\/nuvi-line-life-pur-collagene-marin-universel\/#primaryimage","url":"https:\/\/pharmaciereunion.fr\/wp-content\/uploads\/2026\/03\/Pharmacie-en-ligne-974-5.png","contentUrl":"https:\/\/pharmaciereunion.fr\/wp-content\/uploads\/2026\/03\/Pharmacie-en-ligne-974-5.png","width":1000,"height":1000},{"@type":"BreadcrumbList","@id":"https:\/\/pharmaciereunion.fr\/index.php\/product\/nuvi-line-life-pur-collagene-marin-universel\/#breadcrumb","itemListElement":[{"@type":"ListItem","position":1,"name":"Accueil","item":"https:\/\/pharmaciereunion.fr\/"},{"@type":"ListItem","position":2,"name":"Produits","item":"https:\/\/pharmaciereunion.fr\/index.php\/shop\/"},{"@type":"ListItem","position":3,"name":"Nuvi Line Life Pur Collag\u00e8ne Marin Universel"}]},{"@type":"WebSite","@id":"https:\/\/pharmaciereunion.fr\/#website","url":"https:\/\/pharmaciereunion.fr\/","name":"Pharmacie de L'Est | Saint-Beno\u00eet La R\u00e9union","description":"Pharmacie en ligne de La Reunion","publisher":{"@id":"https:\/\/pharmaciereunion.fr\/#organization"},"potentialAction":[{"@type":"SearchAction","target":{"@type":"EntryPoint","urlTemplate":"https:\/\/pharmaciereunion.fr\/?s={search_term_string}"},"query-input":{"@type":"PropertyValueSpecification","valueRequired":true,"valueName":"search_term_string"}}],"inLanguage":"fr-FR"},{"@type":"Organization","@id":"https:\/\/pharmaciereunion.fr\/#organization","name":"Pharmacie de L'Est | Saint-Beno\u00eet La R\u00e9union","url":"https:\/\/pharmaciereunion.fr\/","logo":{"@type":"ImageObject","inLanguage":"fr-FR","@id":"https:\/\/pharmaciereunion.fr\/#\/schema\/logo\/image\/","url":"https:\/\/pharmaciereunion.fr\/wp-content\/uploads\/2026\/04\/cropped-logo-page-recherche-site.png","contentUrl":"https:\/\/pharmaciereunion.fr\/wp-content\/uploads\/2026\/04\/cropped-logo-page-recherche-site.png","width":512,"height":512,"caption":"Pharmacie de L'Est | Saint-Beno\u00eet La R\u00e9union"},"image":{"@id":"https:\/\/pharmaciereunion.fr\/#\/schema\/logo\/image\/"},"sameAs":["https:\/\/www.facebook.com\/pharmaciedelest974","https:\/\/www.instagram.com\/pharmacie.delest\/"]}]}},"jetpack_sharing_enabled":true,"_links":{"self":[{"href":"https:\/\/pharmaciereunion.fr\/index.php\/wp-json\/wp\/v2\/product\/2196","targetHints":{"allow":["GET"]}}],"collection":[{"href":"https:\/\/pharmaciereunion.fr\/index.php\/wp-json\/wp\/v2\/product"}],"about":[{"href":"https:\/\/pharmaciereunion.fr\/index.php\/wp-json\/wp\/v2\/types\/product"}],"replies":[{"embeddable":true,"href":"https:\/\/pharmaciereunion.fr\/index.php\/wp-json\/wp\/v2\/comments?post=2196"}],"wp:featuredmedia":[{"embeddable":true,"href":"https:\/\/pharmaciereunion.fr\/index.php\/wp-json\/wp\/v2\/media\/2197"}],"wp:attachment":[{"href":"https:\/\/pharmaciereunion.fr\/index.php\/wp-json\/wp\/v2\/media?parent=2196"}],"wp:term":[{"taxonomy":"product_brand","embeddable":true,"href":"https:\/\/pharmaciereunion.fr\/index.php\/wp-json\/wp\/v2\/product_brand?post=2196"},{"taxonomy":"product_cat","embeddable":true,"href":"https:\/\/pharmaciereunion.fr\/index.php\/wp-json\/wp\/v2\/product_cat?post=2196"},{"taxonomy":"product_tag","embeddable":true,"href":"https:\/\/pharmaciereunion.fr\/index.php\/wp-json\/wp\/v2\/product_tag?post=2196"}],"curies":[{"name":"wp","href":"https:\/\/api.w.org\/{rel}","templated":true}]}}