{"id":2200,"date":"2026-03-25T10:47:56","date_gmt":"2026-03-25T06:47:56","guid":{"rendered":"http:\/\/pharmaciereunion.fr\/?post_type=product&#038;p=2200"},"modified":"2026-03-25T10:52:10","modified_gmt":"2026-03-25T06:52:10","slug":"boiron-mag-300","status":"publish","type":"product","link":"https:\/\/pharmaciereunion.fr\/index.php\/product\/boiron-mag-300\/","title":{"rendered":"Boiron Mag 300+"},"content":{"rendered":"<p data-start=\"95\" data-end=\"360\"><strong>Le compl\u00e9ment alimentaire Mag 300+ 60 comprim\u00e9s est formul\u00e9 \u00e0 base de magn\u00e9sium pour contribuer au bon fonctionnement de l\u2019organisme.<\/strong><\/p>\n<p data-start=\"95\" data-end=\"360\">Il participe notamment \u00e0 la r\u00e9duction de la fatigue, au bon fonctionnement du syst\u00e8me nerveux et \u00e0 une fonction musculaire normale.<\/p>\n<p data-start=\"362\" data-end=\"618\">Id\u00e9al en p\u00e9riode de stress, de surmenage ou de fatigue passag\u00e8re, ce compl\u00e9ment aide \u00e0 maintenir un bon \u00e9quilibre g\u00e9n\u00e9ral au quotidien.<\/p>\n<p data-start=\"362\" data-end=\"618\">Sa formule est pens\u00e9e pour une assimilation progressive, permettant une diffusion adapt\u00e9e du magn\u00e9sium dans l\u2019organisme.<\/p>\n<p data-start=\"620\" data-end=\"803\">Pr\u00e9sent\u00e9 sous forme de comprim\u00e9s faciles \u00e0 prendre, ce format 60 comprim\u00e9s correspond \u00e0 une cure d\u2019environ 20 jours.<\/p>\n<p data-start=\"620\" data-end=\"803\">Il s\u2019int\u00e8gre facilement dans une routine quotidienne de bien-\u00eatre.<\/p>\n<h6 data-start=\"805\" data-end=\"915\">D\u00e9velopp\u00e9 par <span class=\"hover:entity-accent entity-underline inline cursor-pointer align-baseline\"><span class=\"whitespace-normal\">Boiron<\/span><\/span>, reconnu pour son expertise et la qualit\u00e9 de ses produits.<\/h6>\n","protected":false},"excerpt":{"rendered":"<p data-start=\"953\" data-end=\"1072\">Compl\u00e9ment en magn\u00e9sium qui aide \u00e0 r\u00e9duire la fatigue et \u00e0 soutenir le syst\u00e8me nerveux.<\/p>\n<p data-start=\"953\" data-end=\"1072\">Cure de 20 jours, 60 comprim\u00e9s.<\/p>\n","protected":false},"featured_media":2201,"comment_status":"open","ping_status":"closed","template":"","meta":[],"product_brand":[73],"product_cat":[72,57,70,71],"product_tag":[79,55,78,75,74,77,76],"class_list":{"0":"post-2200","1":"product","2":"type-product","3":"status-publish","4":"has-post-thumbnail","6":"product_brand-boiron","7":"product_cat-anti-fatigue","8":"product_cat-complements-alimentaires","9":"product_cat-magnesium","10":"product_cat-vitalite","11":"product_tag-bien-etre","12":"product_tag-cure","13":"product_tag-energie","14":"product_tag-fatigue","15":"product_tag-magnesium","16":"product_tag-nervosite","17":"product_tag-stress","19":"first","20":"instock","21":"sale","22":"shipping-taxable","23":"purchasable","24":"product-type-simple"},"yoast_head":"<!-- This site is optimized with the Yoast SEO plugin v27.3 - https:\/\/yoast.com\/product\/yoast-seo-wordpress\/ -->\n<title>Boiron Mag 300+ - Pharmacie de L&#039;Est<\/title>\n<meta name=\"robots\" content=\"index, follow, max-snippet:-1, max-image-preview:large, max-video-preview:-1\" \/>\n<link rel=\"canonical\" href=\"https:\/\/pharmaciereunion.fr\/index.php\/product\/boiron-mag-300\/\" \/>\n<meta property=\"og:locale\" content=\"fr_FR\" \/>\n<meta property=\"og:type\" content=\"article\" \/>\n<meta property=\"og:title\" content=\"Boiron Mag 300+ - Pharmacie de L&#039;Est\" \/>\n<meta property=\"og:description\" content=\"Compl\u00e9ment en magn\u00e9sium qui aide \u00e0 r\u00e9duire la fatigue et \u00e0 soutenir le syst\u00e8me nerveux. Cure de 20 jours, 60 comprim\u00e9s.\" \/>\n<meta property=\"og:url\" content=\"https:\/\/pharmaciereunion.fr\/index.php\/product\/boiron-mag-300\/\" \/>\n<meta property=\"og:site_name\" content=\"Pharmacie de L&#039;Est\" \/>\n<meta property=\"article:publisher\" content=\"https:\/\/www.facebook.com\/pharmaciedelest974\" \/>\n<meta property=\"article:modified_time\" content=\"2026-03-25T06:52:10+00:00\" \/>\n<meta property=\"og:image\" content=\"https:\/\/pharmaciereunion.fr\/wp-content\/uploads\/2026\/03\/Pharmacie-en-ligne-974-7.png\" \/>\n\t<meta property=\"og:image:width\" content=\"1000\" \/>\n\t<meta property=\"og:image:height\" content=\"1000\" \/>\n\t<meta property=\"og:image:type\" content=\"image\/png\" \/>\n<meta name=\"twitter:card\" content=\"summary_large_image\" \/>\n<meta name=\"twitter:label1\" content=\"Dur\u00e9e de lecture estim\u00e9e\" \/>\n\t<meta name=\"twitter:data1\" content=\"1 minute\" \/>\n<script type=\"application\/ld+json\" class=\"yoast-schema-graph\">{\"@context\":\"https:\\\/\\\/schema.org\",\"@graph\":[{\"@type\":\"WebPage\",\"@id\":\"https:\\\/\\\/pharmaciereunion.fr\\\/index.php\\\/product\\\/boiron-mag-300\\\/\",\"url\":\"https:\\\/\\\/pharmaciereunion.fr\\\/index.php\\\/product\\\/boiron-mag-300\\\/\",\"name\":\"Boiron Mag 300+ - Pharmacie de L&#039;Est\",\"isPartOf\":{\"@id\":\"https:\\\/\\\/pharmaciereunion.fr\\\/#website\"},\"primaryImageOfPage\":{\"@id\":\"https:\\\/\\\/pharmaciereunion.fr\\\/index.php\\\/product\\\/boiron-mag-300\\\/#primaryimage\"},\"image\":{\"@id\":\"https:\\\/\\\/pharmaciereunion.fr\\\/index.php\\\/product\\\/boiron-mag-300\\\/#primaryimage\"},\"thumbnailUrl\":\"https:\\\/\\\/pharmaciereunion.fr\\\/wp-content\\\/uploads\\\/2026\\\/03\\\/Pharmacie-en-ligne-974-7.png\",\"datePublished\":\"2026-03-25T06:47:56+00:00\",\"dateModified\":\"2026-03-25T06:52:10+00:00\",\"breadcrumb\":{\"@id\":\"https:\\\/\\\/pharmaciereunion.fr\\\/index.php\\\/product\\\/boiron-mag-300\\\/#breadcrumb\"},\"inLanguage\":\"fr-FR\",\"potentialAction\":[{\"@type\":\"ReadAction\",\"target\":[\"https:\\\/\\\/pharmaciereunion.fr\\\/index.php\\\/product\\\/boiron-mag-300\\\/\"]}]},{\"@type\":\"ImageObject\",\"inLanguage\":\"fr-FR\",\"@id\":\"https:\\\/\\\/pharmaciereunion.fr\\\/index.php\\\/product\\\/boiron-mag-300\\\/#primaryimage\",\"url\":\"https:\\\/\\\/pharmaciereunion.fr\\\/wp-content\\\/uploads\\\/2026\\\/03\\\/Pharmacie-en-ligne-974-7.png\",\"contentUrl\":\"https:\\\/\\\/pharmaciereunion.fr\\\/wp-content\\\/uploads\\\/2026\\\/03\\\/Pharmacie-en-ligne-974-7.png\",\"width\":1000,\"height\":1000},{\"@type\":\"BreadcrumbList\",\"@id\":\"https:\\\/\\\/pharmaciereunion.fr\\\/index.php\\\/product\\\/boiron-mag-300\\\/#breadcrumb\",\"itemListElement\":[{\"@type\":\"ListItem\",\"position\":1,\"name\":\"Accueil\",\"item\":\"https:\\\/\\\/pharmaciereunion.fr\\\/\"},{\"@type\":\"ListItem\",\"position\":2,\"name\":\"Produits\",\"item\":\"https:\\\/\\\/pharmaciereunion.fr\\\/index.php\\\/shop\\\/\"},{\"@type\":\"ListItem\",\"position\":3,\"name\":\"Boiron Mag 300+\"}]},{\"@type\":\"WebSite\",\"@id\":\"https:\\\/\\\/pharmaciereunion.fr\\\/#website\",\"url\":\"https:\\\/\\\/pharmaciereunion.fr\\\/\",\"name\":\"Pharmacie de L'Est | Saint-Beno\u00eet La R\u00e9union\",\"description\":\"Pharmacie en ligne de La Reunion\",\"publisher\":{\"@id\":\"https:\\\/\\\/pharmaciereunion.fr\\\/#organization\"},\"potentialAction\":[{\"@type\":\"SearchAction\",\"target\":{\"@type\":\"EntryPoint\",\"urlTemplate\":\"https:\\\/\\\/pharmaciereunion.fr\\\/?s={search_term_string}\"},\"query-input\":{\"@type\":\"PropertyValueSpecification\",\"valueRequired\":true,\"valueName\":\"search_term_string\"}}],\"inLanguage\":\"fr-FR\"},{\"@type\":\"Organization\",\"@id\":\"https:\\\/\\\/pharmaciereunion.fr\\\/#organization\",\"name\":\"Pharmacie de L'Est | Saint-Beno\u00eet La R\u00e9union\",\"url\":\"https:\\\/\\\/pharmaciereunion.fr\\\/\",\"logo\":{\"@type\":\"ImageObject\",\"inLanguage\":\"fr-FR\",\"@id\":\"https:\\\/\\\/pharmaciereunion.fr\\\/#\\\/schema\\\/logo\\\/image\\\/\",\"url\":\"https:\\\/\\\/pharmaciereunion.fr\\\/wp-content\\\/uploads\\\/2026\\\/04\\\/cropped-logo-page-recherche-site.png\",\"contentUrl\":\"https:\\\/\\\/pharmaciereunion.fr\\\/wp-content\\\/uploads\\\/2026\\\/04\\\/cropped-logo-page-recherche-site.png\",\"width\":512,\"height\":512,\"caption\":\"Pharmacie de L'Est | Saint-Beno\u00eet La R\u00e9union\"},\"image\":{\"@id\":\"https:\\\/\\\/pharmaciereunion.fr\\\/#\\\/schema\\\/logo\\\/image\\\/\"},\"sameAs\":[\"https:\\\/\\\/www.facebook.com\\\/pharmaciedelest974\",\"https:\\\/\\\/www.instagram.com\\\/pharmacie.delest\\\/\"]}]}<\/script>\n<!-- \/ Yoast SEO plugin. -->","yoast_head_json":{"title":"Boiron Mag 300+ - Pharmacie de L&#039;Est","robots":{"index":"index","follow":"follow","max-snippet":"max-snippet:-1","max-image-preview":"max-image-preview:large","max-video-preview":"max-video-preview:-1"},"canonical":"https:\/\/pharmaciereunion.fr\/index.php\/product\/boiron-mag-300\/","og_locale":"fr_FR","og_type":"article","og_title":"Boiron Mag 300+ - Pharmacie de L&#039;Est","og_description":"Compl\u00e9ment en magn\u00e9sium qui aide \u00e0 r\u00e9duire la fatigue et \u00e0 soutenir le syst\u00e8me nerveux. Cure de 20 jours, 60 comprim\u00e9s.","og_url":"https:\/\/pharmaciereunion.fr\/index.php\/product\/boiron-mag-300\/","og_site_name":"Pharmacie de L&#039;Est","article_publisher":"https:\/\/www.facebook.com\/pharmaciedelest974","article_modified_time":"2026-03-25T06:52:10+00:00","og_image":[{"width":1000,"height":1000,"url":"https:\/\/pharmaciereunion.fr\/wp-content\/uploads\/2026\/03\/Pharmacie-en-ligne-974-7.png","type":"image\/png"}],"twitter_card":"summary_large_image","twitter_misc":{"Dur\u00e9e de lecture estim\u00e9e":"1 minute"},"schema":{"@context":"https:\/\/schema.org","@graph":[{"@type":"WebPage","@id":"https:\/\/pharmaciereunion.fr\/index.php\/product\/boiron-mag-300\/","url":"https:\/\/pharmaciereunion.fr\/index.php\/product\/boiron-mag-300\/","name":"Boiron Mag 300+ - Pharmacie de L&#039;Est","isPartOf":{"@id":"https:\/\/pharmaciereunion.fr\/#website"},"primaryImageOfPage":{"@id":"https:\/\/pharmaciereunion.fr\/index.php\/product\/boiron-mag-300\/#primaryimage"},"image":{"@id":"https:\/\/pharmaciereunion.fr\/index.php\/product\/boiron-mag-300\/#primaryimage"},"thumbnailUrl":"https:\/\/pharmaciereunion.fr\/wp-content\/uploads\/2026\/03\/Pharmacie-en-ligne-974-7.png","datePublished":"2026-03-25T06:47:56+00:00","dateModified":"2026-03-25T06:52:10+00:00","breadcrumb":{"@id":"https:\/\/pharmaciereunion.fr\/index.php\/product\/boiron-mag-300\/#breadcrumb"},"inLanguage":"fr-FR","potentialAction":[{"@type":"ReadAction","target":["https:\/\/pharmaciereunion.fr\/index.php\/product\/boiron-mag-300\/"]}]},{"@type":"ImageObject","inLanguage":"fr-FR","@id":"https:\/\/pharmaciereunion.fr\/index.php\/product\/boiron-mag-300\/#primaryimage","url":"https:\/\/pharmaciereunion.fr\/wp-content\/uploads\/2026\/03\/Pharmacie-en-ligne-974-7.png","contentUrl":"https:\/\/pharmaciereunion.fr\/wp-content\/uploads\/2026\/03\/Pharmacie-en-ligne-974-7.png","width":1000,"height":1000},{"@type":"BreadcrumbList","@id":"https:\/\/pharmaciereunion.fr\/index.php\/product\/boiron-mag-300\/#breadcrumb","itemListElement":[{"@type":"ListItem","position":1,"name":"Accueil","item":"https:\/\/pharmaciereunion.fr\/"},{"@type":"ListItem","position":2,"name":"Produits","item":"https:\/\/pharmaciereunion.fr\/index.php\/shop\/"},{"@type":"ListItem","position":3,"name":"Boiron Mag 300+"}]},{"@type":"WebSite","@id":"https:\/\/pharmaciereunion.fr\/#website","url":"https:\/\/pharmaciereunion.fr\/","name":"Pharmacie de L'Est | Saint-Beno\u00eet La R\u00e9union","description":"Pharmacie en ligne de La Reunion","publisher":{"@id":"https:\/\/pharmaciereunion.fr\/#organization"},"potentialAction":[{"@type":"SearchAction","target":{"@type":"EntryPoint","urlTemplate":"https:\/\/pharmaciereunion.fr\/?s={search_term_string}"},"query-input":{"@type":"PropertyValueSpecification","valueRequired":true,"valueName":"search_term_string"}}],"inLanguage":"fr-FR"},{"@type":"Organization","@id":"https:\/\/pharmaciereunion.fr\/#organization","name":"Pharmacie de L'Est | Saint-Beno\u00eet La R\u00e9union","url":"https:\/\/pharmaciereunion.fr\/","logo":{"@type":"ImageObject","inLanguage":"fr-FR","@id":"https:\/\/pharmaciereunion.fr\/#\/schema\/logo\/image\/","url":"https:\/\/pharmaciereunion.fr\/wp-content\/uploads\/2026\/04\/cropped-logo-page-recherche-site.png","contentUrl":"https:\/\/pharmaciereunion.fr\/wp-content\/uploads\/2026\/04\/cropped-logo-page-recherche-site.png","width":512,"height":512,"caption":"Pharmacie de L'Est | Saint-Beno\u00eet La R\u00e9union"},"image":{"@id":"https:\/\/pharmaciereunion.fr\/#\/schema\/logo\/image\/"},"sameAs":["https:\/\/www.facebook.com\/pharmaciedelest974","https:\/\/www.instagram.com\/pharmacie.delest\/"]}]}},"jetpack_sharing_enabled":true,"_links":{"self":[{"href":"https:\/\/pharmaciereunion.fr\/index.php\/wp-json\/wp\/v2\/product\/2200","targetHints":{"allow":["GET"]}}],"collection":[{"href":"https:\/\/pharmaciereunion.fr\/index.php\/wp-json\/wp\/v2\/product"}],"about":[{"href":"https:\/\/pharmaciereunion.fr\/index.php\/wp-json\/wp\/v2\/types\/product"}],"replies":[{"embeddable":true,"href":"https:\/\/pharmaciereunion.fr\/index.php\/wp-json\/wp\/v2\/comments?post=2200"}],"wp:featuredmedia":[{"embeddable":true,"href":"https:\/\/pharmaciereunion.fr\/index.php\/wp-json\/wp\/v2\/media\/2201"}],"wp:attachment":[{"href":"https:\/\/pharmaciereunion.fr\/index.php\/wp-json\/wp\/v2\/media?parent=2200"}],"wp:term":[{"taxonomy":"product_brand","embeddable":true,"href":"https:\/\/pharmaciereunion.fr\/index.php\/wp-json\/wp\/v2\/product_brand?post=2200"},{"taxonomy":"product_cat","embeddable":true,"href":"https:\/\/pharmaciereunion.fr\/index.php\/wp-json\/wp\/v2\/product_cat?post=2200"},{"taxonomy":"product_tag","embeddable":true,"href":"https:\/\/pharmaciereunion.fr\/index.php\/wp-json\/wp\/v2\/product_tag?post=2200"}],"curies":[{"name":"wp","href":"https:\/\/api.w.org\/{rel}","templated":true}]}}