{"id":2240,"date":"2026-03-25T14:28:28","date_gmt":"2026-03-25T10:28:28","guid":{"rendered":"http:\/\/pharmaciereunion.fr\/?post_type=product&#038;p=2240"},"modified":"2026-03-25T14:33:31","modified_gmt":"2026-03-25T10:33:31","slug":"spray-assainissant-ravintsara-orange-douce","status":"publish","type":"product","link":"https:\/\/pharmaciereunion.fr\/index.php\/product\/spray-assainissant-ravintsara-orange-douce\/","title":{"rendered":"Spray Assainissant Ravintsara Orange Douce"},"content":{"rendered":"<p data-start=\"120\" data-end=\"328\"><strong>Le Spray Assainissant Ravintsara Orange Douce Bio est un spray aux huiles essentielles biologiques con\u00e7u pour assainir l\u2019air et contribuer \u00e0 lutter contre les bact\u00e9ries et virus pr\u00e9sents dans l\u2019environnement.<\/strong><\/p>\n<p data-start=\"330\" data-end=\"604\">Sa formule associe notamment le ravintsara et l\u2019orange douce, reconnus pour leurs propri\u00e9t\u00e9s purifiantes et assainissantes, tout en diffusant un parfum frais et agr\u00e9able aux notes d\u2019agrumes.<\/p>\n<p data-start=\"330\" data-end=\"604\">Il aide \u00e0 purifier l\u2019atmosph\u00e8re et \u00e0 cr\u00e9er un environnement plus sain au quotidien.<\/p>\n<p data-start=\"606\" data-end=\"919\">Id\u00e9al en p\u00e9riode hivernale, lors des changements de saison ou dans les espaces confin\u00e9s, ce spray s\u2019utilise facilement dans les pi\u00e8ces de vie, au bureau ou dans les lieux fr\u00e9quent\u00e9s.<\/p>\n<p data-start=\"606\" data-end=\"919\">Sa composition d\u2019origine naturelle et certifi\u00e9e bio en fait une solution adapt\u00e9e pour une routine d\u2019hygi\u00e8ne de l\u2019air respectueuse.<\/p>\n<p data-start=\"921\" data-end=\"998\">D\u00e9velopp\u00e9 par <span class=\"hover:entity-accent entity-underline inline cursor-pointer align-baseline\"><span class=\"whitespace-normal\">Pranar\u00f4m<\/span><\/span>, expert en aromath\u00e9rapie.<\/p>\n","protected":false},"excerpt":{"rendered":"<p data-start=\"1036\" data-end=\"1178\">Spray assainissant bio aux huiles essentielles de ravintsara et orange douce, aide \u00e0 lutter contre bact\u00e9ries et virus tout en purifiant l\u2019air.<\/p>\n","protected":false},"featured_media":2244,"comment_status":"open","ping_status":"closed","template":"","meta":[],"product_brand":[84],"product_cat":[82,83],"product_tag":[89,91,85,93,86,90,87],"class_list":{"0":"post-2240","1":"product","2":"type-product","3":"status-publish","4":"has-post-thumbnail","6":"product_brand-pranarom","7":"product_cat-aromatherapie","8":"product_cat-assainissant","9":"product_tag-air-ambiante","10":"product_tag-aromatherapie","11":"product_tag-assainissant","12":"product_tag-bio","13":"product_tag-huiles-essentiels","14":"product_tag-naturel","15":"product_tag-ravintsara","17":"first","18":"instock","19":"sale","20":"shipping-taxable","21":"purchasable","22":"product-type-simple"},"yoast_head":"<!-- This site is optimized with the Yoast SEO plugin v27.3 - https:\/\/yoast.com\/product\/yoast-seo-wordpress\/ -->\n<title>Spray Assainissant Ravintsara Orange Douce - Pharmacie de L&#039;Est<\/title>\n<meta name=\"robots\" content=\"index, follow, max-snippet:-1, max-image-preview:large, max-video-preview:-1\" \/>\n<link rel=\"canonical\" href=\"https:\/\/pharmaciereunion.fr\/index.php\/product\/spray-assainissant-ravintsara-orange-douce\/\" \/>\n<meta property=\"og:locale\" content=\"fr_FR\" \/>\n<meta property=\"og:type\" content=\"article\" \/>\n<meta property=\"og:title\" content=\"Spray Assainissant Ravintsara Orange Douce - Pharmacie de L&#039;Est\" \/>\n<meta property=\"og:description\" content=\"Spray assainissant bio aux huiles essentielles de ravintsara et orange douce, aide \u00e0 lutter contre bact\u00e9ries et virus tout en purifiant l\u2019air.\" \/>\n<meta property=\"og:url\" content=\"https:\/\/pharmaciereunion.fr\/index.php\/product\/spray-assainissant-ravintsara-orange-douce\/\" \/>\n<meta property=\"og:site_name\" content=\"Pharmacie de L&#039;Est\" \/>\n<meta property=\"article:publisher\" content=\"https:\/\/www.facebook.com\/pharmaciedelest974\" \/>\n<meta property=\"article:modified_time\" content=\"2026-03-25T10:33:31+00:00\" \/>\n<meta property=\"og:image\" content=\"https:\/\/pharmaciereunion.fr\/wp-content\/uploads\/2026\/03\/Pharmacie-en-ligne-974-4-1.png\" \/>\n\t<meta property=\"og:image:width\" content=\"1000\" \/>\n\t<meta property=\"og:image:height\" content=\"1000\" \/>\n\t<meta property=\"og:image:type\" content=\"image\/png\" \/>\n<meta name=\"twitter:card\" content=\"summary_large_image\" \/>\n<meta name=\"twitter:label1\" content=\"Dur\u00e9e de lecture estim\u00e9e\" \/>\n\t<meta name=\"twitter:data1\" content=\"1 minute\" \/>\n<script type=\"application\/ld+json\" class=\"yoast-schema-graph\">{\"@context\":\"https:\\\/\\\/schema.org\",\"@graph\":[{\"@type\":\"WebPage\",\"@id\":\"https:\\\/\\\/pharmaciereunion.fr\\\/index.php\\\/product\\\/spray-assainissant-ravintsara-orange-douce\\\/\",\"url\":\"https:\\\/\\\/pharmaciereunion.fr\\\/index.php\\\/product\\\/spray-assainissant-ravintsara-orange-douce\\\/\",\"name\":\"Spray Assainissant Ravintsara Orange Douce - Pharmacie de L&#039;Est\",\"isPartOf\":{\"@id\":\"https:\\\/\\\/pharmaciereunion.fr\\\/#website\"},\"primaryImageOfPage\":{\"@id\":\"https:\\\/\\\/pharmaciereunion.fr\\\/index.php\\\/product\\\/spray-assainissant-ravintsara-orange-douce\\\/#primaryimage\"},\"image\":{\"@id\":\"https:\\\/\\\/pharmaciereunion.fr\\\/index.php\\\/product\\\/spray-assainissant-ravintsara-orange-douce\\\/#primaryimage\"},\"thumbnailUrl\":\"https:\\\/\\\/pharmaciereunion.fr\\\/wp-content\\\/uploads\\\/2026\\\/03\\\/Pharmacie-en-ligne-974-4-1.png\",\"datePublished\":\"2026-03-25T10:28:28+00:00\",\"dateModified\":\"2026-03-25T10:33:31+00:00\",\"breadcrumb\":{\"@id\":\"https:\\\/\\\/pharmaciereunion.fr\\\/index.php\\\/product\\\/spray-assainissant-ravintsara-orange-douce\\\/#breadcrumb\"},\"inLanguage\":\"fr-FR\",\"potentialAction\":[{\"@type\":\"ReadAction\",\"target\":[\"https:\\\/\\\/pharmaciereunion.fr\\\/index.php\\\/product\\\/spray-assainissant-ravintsara-orange-douce\\\/\"]}]},{\"@type\":\"ImageObject\",\"inLanguage\":\"fr-FR\",\"@id\":\"https:\\\/\\\/pharmaciereunion.fr\\\/index.php\\\/product\\\/spray-assainissant-ravintsara-orange-douce\\\/#primaryimage\",\"url\":\"https:\\\/\\\/pharmaciereunion.fr\\\/wp-content\\\/uploads\\\/2026\\\/03\\\/Pharmacie-en-ligne-974-4-1.png\",\"contentUrl\":\"https:\\\/\\\/pharmaciereunion.fr\\\/wp-content\\\/uploads\\\/2026\\\/03\\\/Pharmacie-en-ligne-974-4-1.png\",\"width\":1000,\"height\":1000},{\"@type\":\"BreadcrumbList\",\"@id\":\"https:\\\/\\\/pharmaciereunion.fr\\\/index.php\\\/product\\\/spray-assainissant-ravintsara-orange-douce\\\/#breadcrumb\",\"itemListElement\":[{\"@type\":\"ListItem\",\"position\":1,\"name\":\"Accueil\",\"item\":\"https:\\\/\\\/pharmaciereunion.fr\\\/\"},{\"@type\":\"ListItem\",\"position\":2,\"name\":\"Produits\",\"item\":\"https:\\\/\\\/pharmaciereunion.fr\\\/index.php\\\/shop\\\/\"},{\"@type\":\"ListItem\",\"position\":3,\"name\":\"Spray Assainissant Ravintsara Orange Douce\"}]},{\"@type\":\"WebSite\",\"@id\":\"https:\\\/\\\/pharmaciereunion.fr\\\/#website\",\"url\":\"https:\\\/\\\/pharmaciereunion.fr\\\/\",\"name\":\"Pharmacie de L'Est | Saint-Beno\u00eet La R\u00e9union\",\"description\":\"Pharmacie en ligne de La Reunion\",\"publisher\":{\"@id\":\"https:\\\/\\\/pharmaciereunion.fr\\\/#organization\"},\"potentialAction\":[{\"@type\":\"SearchAction\",\"target\":{\"@type\":\"EntryPoint\",\"urlTemplate\":\"https:\\\/\\\/pharmaciereunion.fr\\\/?s={search_term_string}\"},\"query-input\":{\"@type\":\"PropertyValueSpecification\",\"valueRequired\":true,\"valueName\":\"search_term_string\"}}],\"inLanguage\":\"fr-FR\"},{\"@type\":\"Organization\",\"@id\":\"https:\\\/\\\/pharmaciereunion.fr\\\/#organization\",\"name\":\"Pharmacie de L'Est | Saint-Beno\u00eet La R\u00e9union\",\"url\":\"https:\\\/\\\/pharmaciereunion.fr\\\/\",\"logo\":{\"@type\":\"ImageObject\",\"inLanguage\":\"fr-FR\",\"@id\":\"https:\\\/\\\/pharmaciereunion.fr\\\/#\\\/schema\\\/logo\\\/image\\\/\",\"url\":\"https:\\\/\\\/pharmaciereunion.fr\\\/wp-content\\\/uploads\\\/2026\\\/04\\\/cropped-logo-page-recherche-site.png\",\"contentUrl\":\"https:\\\/\\\/pharmaciereunion.fr\\\/wp-content\\\/uploads\\\/2026\\\/04\\\/cropped-logo-page-recherche-site.png\",\"width\":512,\"height\":512,\"caption\":\"Pharmacie de L'Est | Saint-Beno\u00eet La R\u00e9union\"},\"image\":{\"@id\":\"https:\\\/\\\/pharmaciereunion.fr\\\/#\\\/schema\\\/logo\\\/image\\\/\"},\"sameAs\":[\"https:\\\/\\\/www.facebook.com\\\/pharmaciedelest974\",\"https:\\\/\\\/www.instagram.com\\\/pharmacie.delest\\\/\"]}]}<\/script>\n<!-- \/ Yoast SEO plugin. -->","yoast_head_json":{"title":"Spray Assainissant Ravintsara Orange Douce - Pharmacie de L&#039;Est","robots":{"index":"index","follow":"follow","max-snippet":"max-snippet:-1","max-image-preview":"max-image-preview:large","max-video-preview":"max-video-preview:-1"},"canonical":"https:\/\/pharmaciereunion.fr\/index.php\/product\/spray-assainissant-ravintsara-orange-douce\/","og_locale":"fr_FR","og_type":"article","og_title":"Spray Assainissant Ravintsara Orange Douce - Pharmacie de L&#039;Est","og_description":"Spray assainissant bio aux huiles essentielles de ravintsara et orange douce, aide \u00e0 lutter contre bact\u00e9ries et virus tout en purifiant l\u2019air.","og_url":"https:\/\/pharmaciereunion.fr\/index.php\/product\/spray-assainissant-ravintsara-orange-douce\/","og_site_name":"Pharmacie de L&#039;Est","article_publisher":"https:\/\/www.facebook.com\/pharmaciedelest974","article_modified_time":"2026-03-25T10:33:31+00:00","og_image":[{"width":1000,"height":1000,"url":"https:\/\/pharmaciereunion.fr\/wp-content\/uploads\/2026\/03\/Pharmacie-en-ligne-974-4-1.png","type":"image\/png"}],"twitter_card":"summary_large_image","twitter_misc":{"Dur\u00e9e de lecture estim\u00e9e":"1 minute"},"schema":{"@context":"https:\/\/schema.org","@graph":[{"@type":"WebPage","@id":"https:\/\/pharmaciereunion.fr\/index.php\/product\/spray-assainissant-ravintsara-orange-douce\/","url":"https:\/\/pharmaciereunion.fr\/index.php\/product\/spray-assainissant-ravintsara-orange-douce\/","name":"Spray Assainissant Ravintsara Orange Douce - Pharmacie de L&#039;Est","isPartOf":{"@id":"https:\/\/pharmaciereunion.fr\/#website"},"primaryImageOfPage":{"@id":"https:\/\/pharmaciereunion.fr\/index.php\/product\/spray-assainissant-ravintsara-orange-douce\/#primaryimage"},"image":{"@id":"https:\/\/pharmaciereunion.fr\/index.php\/product\/spray-assainissant-ravintsara-orange-douce\/#primaryimage"},"thumbnailUrl":"https:\/\/pharmaciereunion.fr\/wp-content\/uploads\/2026\/03\/Pharmacie-en-ligne-974-4-1.png","datePublished":"2026-03-25T10:28:28+00:00","dateModified":"2026-03-25T10:33:31+00:00","breadcrumb":{"@id":"https:\/\/pharmaciereunion.fr\/index.php\/product\/spray-assainissant-ravintsara-orange-douce\/#breadcrumb"},"inLanguage":"fr-FR","potentialAction":[{"@type":"ReadAction","target":["https:\/\/pharmaciereunion.fr\/index.php\/product\/spray-assainissant-ravintsara-orange-douce\/"]}]},{"@type":"ImageObject","inLanguage":"fr-FR","@id":"https:\/\/pharmaciereunion.fr\/index.php\/product\/spray-assainissant-ravintsara-orange-douce\/#primaryimage","url":"https:\/\/pharmaciereunion.fr\/wp-content\/uploads\/2026\/03\/Pharmacie-en-ligne-974-4-1.png","contentUrl":"https:\/\/pharmaciereunion.fr\/wp-content\/uploads\/2026\/03\/Pharmacie-en-ligne-974-4-1.png","width":1000,"height":1000},{"@type":"BreadcrumbList","@id":"https:\/\/pharmaciereunion.fr\/index.php\/product\/spray-assainissant-ravintsara-orange-douce\/#breadcrumb","itemListElement":[{"@type":"ListItem","position":1,"name":"Accueil","item":"https:\/\/pharmaciereunion.fr\/"},{"@type":"ListItem","position":2,"name":"Produits","item":"https:\/\/pharmaciereunion.fr\/index.php\/shop\/"},{"@type":"ListItem","position":3,"name":"Spray Assainissant Ravintsara Orange Douce"}]},{"@type":"WebSite","@id":"https:\/\/pharmaciereunion.fr\/#website","url":"https:\/\/pharmaciereunion.fr\/","name":"Pharmacie de L'Est | Saint-Beno\u00eet La R\u00e9union","description":"Pharmacie en ligne de La Reunion","publisher":{"@id":"https:\/\/pharmaciereunion.fr\/#organization"},"potentialAction":[{"@type":"SearchAction","target":{"@type":"EntryPoint","urlTemplate":"https:\/\/pharmaciereunion.fr\/?s={search_term_string}"},"query-input":{"@type":"PropertyValueSpecification","valueRequired":true,"valueName":"search_term_string"}}],"inLanguage":"fr-FR"},{"@type":"Organization","@id":"https:\/\/pharmaciereunion.fr\/#organization","name":"Pharmacie de L'Est | Saint-Beno\u00eet La R\u00e9union","url":"https:\/\/pharmaciereunion.fr\/","logo":{"@type":"ImageObject","inLanguage":"fr-FR","@id":"https:\/\/pharmaciereunion.fr\/#\/schema\/logo\/image\/","url":"https:\/\/pharmaciereunion.fr\/wp-content\/uploads\/2026\/04\/cropped-logo-page-recherche-site.png","contentUrl":"https:\/\/pharmaciereunion.fr\/wp-content\/uploads\/2026\/04\/cropped-logo-page-recherche-site.png","width":512,"height":512,"caption":"Pharmacie de L'Est | Saint-Beno\u00eet La R\u00e9union"},"image":{"@id":"https:\/\/pharmaciereunion.fr\/#\/schema\/logo\/image\/"},"sameAs":["https:\/\/www.facebook.com\/pharmaciedelest974","https:\/\/www.instagram.com\/pharmacie.delest\/"]}]}},"jetpack_sharing_enabled":true,"_links":{"self":[{"href":"https:\/\/pharmaciereunion.fr\/index.php\/wp-json\/wp\/v2\/product\/2240","targetHints":{"allow":["GET"]}}],"collection":[{"href":"https:\/\/pharmaciereunion.fr\/index.php\/wp-json\/wp\/v2\/product"}],"about":[{"href":"https:\/\/pharmaciereunion.fr\/index.php\/wp-json\/wp\/v2\/types\/product"}],"replies":[{"embeddable":true,"href":"https:\/\/pharmaciereunion.fr\/index.php\/wp-json\/wp\/v2\/comments?post=2240"}],"wp:featuredmedia":[{"embeddable":true,"href":"https:\/\/pharmaciereunion.fr\/index.php\/wp-json\/wp\/v2\/media\/2244"}],"wp:attachment":[{"href":"https:\/\/pharmaciereunion.fr\/index.php\/wp-json\/wp\/v2\/media?parent=2240"}],"wp:term":[{"taxonomy":"product_brand","embeddable":true,"href":"https:\/\/pharmaciereunion.fr\/index.php\/wp-json\/wp\/v2\/product_brand?post=2240"},{"taxonomy":"product_cat","embeddable":true,"href":"https:\/\/pharmaciereunion.fr\/index.php\/wp-json\/wp\/v2\/product_cat?post=2240"},{"taxonomy":"product_tag","embeddable":true,"href":"https:\/\/pharmaciereunion.fr\/index.php\/wp-json\/wp\/v2\/product_tag?post=2240"}],"curies":[{"name":"wp","href":"https:\/\/api.w.org\/{rel}","templated":true}]}}